{"id":61,"date":"2018-05-08T13:05:44","date_gmt":"2018-05-08T11:05:44","guid":{"rendered":"http:\/\/www.sprechwerk.at\/spielwiese\/?page_id=61"},"modified":"2018-11-27T12:21:37","modified_gmt":"2018-11-27T11:21:37","slug":"therapie","status":"publish","type":"page","link":"https:\/\/www.sprechwerk.at\/spielwiese\/therapie\/","title":{"rendered":"Therapie"},"content":{"rendered":"\t\t<div data-elementor-type=\"wp-post\" data-elementor-id=\"61\" class=\"elementor elementor-61 elementor-bc-flex-widget\">\n\t\t\t\t\t\t<section class=\"elementor-section elementor-top-section elementor-element elementor-element-7a58ab91 elementor-section-boxed elementor-section-height-default elementor-section-height-default\" data-id=\"7a58ab91\" data-element_type=\"section\" data-e-type=\"section\">\n\t\t\t\t\t\t<div class=\"elementor-container elementor-column-gap-default\">\n\t\t\t\t\t<div class=\"elementor-column elementor-col-100 elementor-top-column elementor-element elementor-element-1babfbaf\" data-id=\"1babfbaf\" data-element_type=\"column\" data-e-type=\"column\">\n\t\t\t<div class=\"elementor-widget-wrap elementor-element-populated\">\n\t\t\t\t\t\t<div class=\"elementor-element elementor-element-1dcd98d elementor-widget elementor-widget-spacer\" data-id=\"1dcd98d\" data-element_type=\"widget\" data-e-type=\"widget\" data-widget_type=\"spacer.default\">\n\t\t\t\t<div class=\"elementor-widget-container\">\n\t\t\t\t\t\t\t<div class=\"elementor-spacer\">\n\t\t\t<div class=\"elementor-spacer-inner\"><\/div>\n\t\t<\/div>\n\t\t\t\t\t\t<\/div>\n\t\t\t\t<\/div>\n\t\t\t\t\t<\/div>\n\t\t<\/div>\n\t\t\t\t\t<\/div>\n\t\t<\/section>\n\t\t\t\t<section class=\"elementor-section elementor-top-section elementor-element elementor-element-a8bacb3 elementor-section-boxed elementor-section-height-default elementor-section-height-default\" data-id=\"a8bacb3\" data-element_type=\"section\" data-e-type=\"section\">\n\t\t\t\t\t\t<div class=\"elementor-container elementor-column-gap-default\">\n\t\t\t\t\t<div class=\"elementor-column elementor-col-33 elementor-top-column elementor-element elementor-element-61f93be\" data-id=\"61f93be\" data-element_type=\"column\" data-e-type=\"column\">\n\t\t\t<div class=\"elementor-widget-wrap elementor-element-populated\">\n\t\t\t\t\t\t<div class=\"elementor-element elementor-element-b1631dc elementor-widget elementor-widget-text-editor\" data-id=\"b1631dc\" data-element_type=\"widget\" data-e-type=\"widget\" data-widget_type=\"text-editor.default\">\n\t\t\t\t<div class=\"elementor-widget-container\">\n\t\t\t\t\t\t\t\t\t<p style=\"text-align: center;\">Therapie<\/p>\t\t\t\t\t\t\t\t<\/div>\n\t\t\t\t<\/div>\n\t\t\t\t\t<\/div>\n\t\t<\/div>\n\t\t\t\t<div class=\"elementor-column elementor-col-66 elementor-top-column elementor-element elementor-element-03e1de3\" data-id=\"03e1de3\" data-element_type=\"column\" data-e-type=\"column\">\n\t\t\t<div class=\"elementor-widget-wrap elementor-element-populated\">\n\t\t\t\t\t\t<div class=\"elementor-element elementor-element-c9197d6 elementor-widget elementor-widget-image\" data-id=\"c9197d6\" data-element_type=\"widget\" data-e-type=\"widget\" data-widget_type=\"image.default\">\n\t\t\t\t<div class=\"elementor-widget-container\">\n\t\t\t\t\t\t\t\t\t\t\t\t\t\t\t<img fetchpriority=\"high\" decoding=\"async\" width=\"1024\" height=\"457\" src=\"https:\/\/www.sprechwerk.at\/spielwiese\/wp-content\/uploads\/2018\/11\/bild_neu-1-1024x457.jpg\" class=\"attachment-large size-large wp-image-389\" alt=\"\" srcset=\"https:\/\/www.sprechwerk.at\/spielwiese\/wp-content\/uploads\/2018\/11\/bild_neu-1-1024x457.jpg 1024w, https:\/\/www.sprechwerk.at\/spielwiese\/wp-content\/uploads\/2018\/11\/bild_neu-1-300x134.jpg 300w, https:\/\/www.sprechwerk.at\/spielwiese\/wp-content\/uploads\/2018\/11\/bild_neu-1-768x343.jpg 768w, https:\/\/www.sprechwerk.at\/spielwiese\/wp-content\/uploads\/2018\/11\/bild_neu-1.jpg 1988w\" sizes=\"(max-width: 1024px) 100vw, 1024px\" \/>\t\t\t\t\t\t\t\t\t\t\t\t\t\t\t<\/div>\n\t\t\t\t<\/div>\n\t\t\t\t\t<\/div>\n\t\t<\/div>\n\t\t\t\t\t<\/div>\n\t\t<\/section>\n\t\t\t\t<section class=\"elementor-section elementor-top-section elementor-element elementor-element-7e4a3ff elementor-section-boxed elementor-section-height-default elementor-section-height-default\" data-id=\"7e4a3ff\" data-element_type=\"section\" data-e-type=\"section\">\n\t\t\t\t\t\t<div class=\"elementor-container elementor-column-gap-default\">\n\t\t\t\t\t<div class=\"elementor-column elementor-col-100 elementor-top-column elementor-element elementor-element-466765d\" data-id=\"466765d\" data-element_type=\"column\" data-e-type=\"column\">\n\t\t\t<div class=\"elementor-widget-wrap elementor-element-populated\">\n\t\t\t\t\t\t<div class=\"elementor-element elementor-element-0b591ea elementor-widget-divider--view-line elementor-widget elementor-widget-divider\" data-id=\"0b591ea\" data-element_type=\"widget\" data-e-type=\"widget\" data-widget_type=\"divider.default\">\n\t\t\t\t<div class=\"elementor-widget-container\">\n\t\t\t\t\t\t\t<div class=\"elementor-divider\">\n\t\t\t<span class=\"elementor-divider-separator\">\n\t\t\t\t\t\t<\/span>\n\t\t<\/div>\n\t\t\t\t\t\t<\/div>\n\t\t\t\t<\/div>\n\t\t\t\t<div class=\"elementor-element elementor-element-05abc25 elementor-widget elementor-widget-text-editor\" data-id=\"05abc25\" data-element_type=\"widget\" data-e-type=\"widget\" data-widget_type=\"text-editor.default\">\n\t\t\t\t<div class=\"elementor-widget-container\">\n\t\t\t\t\t\t\t\t\t<p>Kommunikation ist ein gro\u00dfer Bestandteil unseres Lebens. Sie dr\u00fcckt unsere Gedanken, Gef\u00fchle und Erfahrungen aus. Diese sind wiederum untrennbar mit den individuellen F\u00e4higkeiten und M\u00f6glichkeiten jeder einzelnen Person verkn\u00fcpft.<\/p><p>\u00a0<\/p><p>Unsere Kommunikation ist angewiesen auf Sprache, Sprechen und H\u00f6ren. Menschen, die ihre Kommunikationsf\u00e4higkeit nicht voll entwickeln oder verlieren, sind gef\u00e4hrdet ausgeschlossen zu werden. Ohne diese F\u00e4higkeiten w\u00e4re nur ein eingeschr\u00e4nkter sozialer, emotioneller Austausch m\u00f6glich. Die Sprache dient nicht nur zur \u00dcbertragung von Informationen, sondern z\u00e4hlt zu den wichtigsten Bindegliedern zwischenmenschlicher Beziehungen.<\/p><p>\u00a0<\/p><p>Sprachkompetenzen zu f\u00f6rdern, zu erhalten oder wiederherzustellen bedarf also der grunds\u00e4tzlichen Bereitschaft, sich mit der Gesamtpers\u00f6nlichkeit eines Menschen auseinanderzusetzen. Sprachtherapeutische Ma\u00dfnahmen m\u00fcssen daher personenzentriert und stets angepasst an die individuellen M\u00f6glichkeiten und Erfordernisse eines Menschen gesetzt werden, um Erfolg zu bringen.<\/p>\t\t\t\t\t\t\t\t<\/div>\n\t\t\t\t<\/div>\n\t\t\t\t<div class=\"elementor-element elementor-element-4f5d4f9 elementor-widget-divider--view-line elementor-widget elementor-widget-divider\" data-id=\"4f5d4f9\" data-element_type=\"widget\" data-e-type=\"widget\" data-widget_type=\"divider.default\">\n\t\t\t\t<div class=\"elementor-widget-container\">\n\t\t\t\t\t\t\t<div class=\"elementor-divider\">\n\t\t\t<span class=\"elementor-divider-separator\">\n\t\t\t\t\t\t<\/span>\n\t\t<\/div>\n\t\t\t\t\t\t<\/div>\n\t\t\t\t<\/div>\n\t\t\t\t<div class=\"elementor-element elementor-element-004bdbf elementor-widget elementor-widget-text-editor\" data-id=\"004bdbf\" data-element_type=\"widget\" data-e-type=\"widget\" data-widget_type=\"text-editor.default\">\n\t\t\t\t<div class=\"elementor-widget-container\">\n\t\t\t\t\t\t\t\t\t<p style=\"text-align: center;\">Therapien im Detail:<\/p>\t\t\t\t\t\t\t\t<\/div>\n\t\t\t\t<\/div>\n\t\t\t\t\t<\/div>\n\t\t<\/div>\n\t\t\t\t\t<\/div>\n\t\t<\/section>\n\t\t\t\t<section class=\"elementor-section elementor-top-section elementor-element elementor-element-012c7e1 elementor-section-boxed elementor-section-height-default elementor-section-height-default\" data-id=\"012c7e1\" data-element_type=\"section\" data-e-type=\"section\">\n\t\t\t\t\t\t<div class=\"elementor-container elementor-column-gap-default\">\n\t\t\t\t\t<div class=\"elementor-column elementor-col-33 elementor-top-column elementor-element elementor-element-2742464\" data-id=\"2742464\" data-element_type=\"column\" data-e-type=\"column\">\n\t\t\t<div class=\"elementor-widget-wrap elementor-element-populated\">\n\t\t\t\t\t\t<div class=\"elementor-element elementor-element-ae002a0 elementor-button-info elementor-align-center elementor-widget elementor-widget-button\" data-id=\"ae002a0\" data-element_type=\"widget\" data-e-type=\"widget\" data-widget_type=\"button.default\">\n\t\t\t\t<div class=\"elementor-widget-container\">\n\t\t\t\t\t\t\t\t\t<div class=\"elementor-button-wrapper\">\n\t\t\t\t\t<a class=\"elementor-button elementor-button-link elementor-size-md\" href=\"http:\/\/www.sprechwerk.at\/spielwiese\/schlucken\/\" target=\"_blank\">\n\t\t\t\t\t\t<span class=\"elementor-button-content-wrapper\">\n\t\t\t\t\t\t\t\t\t<span class=\"elementor-button-text\">Schlucken<\/span>\n\t\t\t\t\t<\/span>\n\t\t\t\t\t<\/a>\n\t\t\t\t<\/div>\n\t\t\t\t\t\t\t\t<\/div>\n\t\t\t\t<\/div>\n\t\t\t\t\t<\/div>\n\t\t<\/div>\n\t\t\t\t<div class=\"elementor-column elementor-col-33 elementor-top-column elementor-element elementor-element-2c51a20\" data-id=\"2c51a20\" data-element_type=\"column\" data-e-type=\"column\">\n\t\t\t<div class=\"elementor-widget-wrap elementor-element-populated\">\n\t\t\t\t\t\t<div class=\"elementor-element elementor-element-fa2529a elementor-button-info elementor-align-center elementor-widget elementor-widget-button\" data-id=\"fa2529a\" data-element_type=\"widget\" data-e-type=\"widget\" data-widget_type=\"button.default\">\n\t\t\t\t<div class=\"elementor-widget-container\">\n\t\t\t\t\t\t\t\t\t<div class=\"elementor-button-wrapper\">\n\t\t\t\t\t<a class=\"elementor-button elementor-button-link elementor-size-md\" href=\"http:\/\/www.sprechwerk.at\/spielwiese\/sprache\/\" target=\"_blank\">\n\t\t\t\t\t\t<span class=\"elementor-button-content-wrapper\">\n\t\t\t\t\t\t\t\t\t<span class=\"elementor-button-text\">Sprache und Sprechen<\/span>\n\t\t\t\t\t<\/span>\n\t\t\t\t\t<\/a>\n\t\t\t\t<\/div>\n\t\t\t\t\t\t\t\t<\/div>\n\t\t\t\t<\/div>\n\t\t\t\t\t<\/div>\n\t\t<\/div>\n\t\t\t\t<div class=\"elementor-column elementor-col-33 elementor-top-column elementor-element elementor-element-2b83804\" data-id=\"2b83804\" data-element_type=\"column\" data-e-type=\"column\">\n\t\t\t<div class=\"elementor-widget-wrap elementor-element-populated\">\n\t\t\t\t\t\t<div class=\"elementor-element elementor-element-a0be27c elementor-button-info elementor-align-center elementor-widget elementor-widget-button\" data-id=\"a0be27c\" data-element_type=\"widget\" data-e-type=\"widget\" data-widget_type=\"button.default\">\n\t\t\t\t<div class=\"elementor-widget-container\">\n\t\t\t\t\t\t\t\t\t<div class=\"elementor-button-wrapper\">\n\t\t\t\t\t<a class=\"elementor-button elementor-button-link elementor-size-md\" href=\"http:\/\/www.sprechwerk.at\/spielwiese\/stimme\/\" target=\"_blank\">\n\t\t\t\t\t\t<span class=\"elementor-button-content-wrapper\">\n\t\t\t\t\t\t\t\t\t<span class=\"elementor-button-text\">Stimme<\/span>\n\t\t\t\t\t<\/span>\n\t\t\t\t\t<\/a>\n\t\t\t\t<\/div>\n\t\t\t\t\t\t\t\t<\/div>\n\t\t\t\t<\/div>\n\t\t\t\t\t<\/div>\n\t\t<\/div>\n\t\t\t\t\t<\/div>\n\t\t<\/section>\n\t\t\t\t<section class=\"elementor-section elementor-top-section elementor-element elementor-element-7936cd5 elementor-section-boxed elementor-section-height-default elementor-section-height-default\" data-id=\"7936cd5\" data-element_type=\"section\" data-e-type=\"section\">\n\t\t\t\t\t\t<div class=\"elementor-container elementor-column-gap-default\">\n\t\t\t\t\t<div class=\"elementor-column elementor-col-100 elementor-top-column elementor-element elementor-element-9d24fd0\" data-id=\"9d24fd0\" data-element_type=\"column\" data-e-type=\"column\">\n\t\t\t<div class=\"elementor-widget-wrap elementor-element-populated\">\n\t\t\t\t\t\t<div class=\"elementor-element elementor-element-598aa0c elementor-widget-divider--view-line elementor-widget elementor-widget-divider\" data-id=\"598aa0c\" data-element_type=\"widget\" data-e-type=\"widget\" data-widget_type=\"divider.default\">\n\t\t\t\t<div class=\"elementor-widget-container\">\n\t\t\t\t\t\t\t<div class=\"elementor-divider\">\n\t\t\t<span class=\"elementor-divider-separator\">\n\t\t\t\t\t\t<\/span>\n\t\t<\/div>\n\t\t\t\t\t\t<\/div>\n\t\t\t\t<\/div>\n\t\t\t\t\t<\/div>\n\t\t<\/div>\n\t\t\t\t\t<\/div>\n\t\t<\/section>\n\t\t\t\t<\/div>\n\t\t","protected":false},"excerpt":{"rendered":"<p>Therapie Kommunikation ist ein gro\u00dfer Bestandteil unseres Lebens. Sie dr\u00fcckt unsere Gedanken, Gef\u00fchle und Erfahrungen aus. Diese sind wiederum untrennbar mit den individuellen F\u00e4higkeiten und M\u00f6glichkeiten jeder einzelnen Person verkn\u00fcpft. Unsere Kommunikation ist angewiesen auf Sprache, Sprechen und H\u00f6ren. Menschen, die ihre Kommunikationsf\u00e4higkeit nicht voll entwickeln oder verlieren, sind gef\u00e4hrdet ausgeschlossen zu werden. Ohne diese [&hellip;]<\/p>\n","protected":false},"author":2,"featured_media":68,"parent":0,"menu_order":0,"comment_status":"closed","ping_status":"closed","template":"template-parts\/template-homepage.php","meta":{"footnotes":""},"class_list":["post-61","page","type-page","status-publish","has-post-thumbnail","hentry"],"_links":{"self":[{"href":"https:\/\/www.sprechwerk.at\/spielwiese\/wp-json\/wp\/v2\/pages\/61","targetHints":{"allow":["GET"]}}],"collection":[{"href":"https:\/\/www.sprechwerk.at\/spielwiese\/wp-json\/wp\/v2\/pages"}],"about":[{"href":"https:\/\/www.sprechwerk.at\/spielwiese\/wp-json\/wp\/v2\/types\/page"}],"author":[{"embeddable":true,"href":"https:\/\/www.sprechwerk.at\/spielwiese\/wp-json\/wp\/v2\/users\/2"}],"replies":[{"embeddable":true,"href":"https:\/\/www.sprechwerk.at\/spielwiese\/wp-json\/wp\/v2\/comments?post=61"}],"version-history":[{"count":35,"href":"https:\/\/www.sprechwerk.at\/spielwiese\/wp-json\/wp\/v2\/pages\/61\/revisions"}],"predecessor-version":[{"id":502,"href":"https:\/\/www.sprechwerk.at\/spielwiese\/wp-json\/wp\/v2\/pages\/61\/revisions\/502"}],"wp:featuredmedia":[{"embeddable":true,"href":"https:\/\/www.sprechwerk.at\/spielwiese\/wp-json\/wp\/v2\/media\/68"}],"wp:attachment":[{"href":"https:\/\/www.sprechwerk.at\/spielwiese\/wp-json\/wp\/v2\/media?parent=61"}],"curies":[{"name":"wp","href":"https:\/\/api.w.org\/{rel}","templated":true}]}}