{"id":44,"date":"2018-05-08T12:47:42","date_gmt":"2018-05-08T10:47:42","guid":{"rendered":"http:\/\/www.sprechwerk.at\/spielwiese\/?page_id=44"},"modified":"2018-11-28T10:49:35","modified_gmt":"2018-11-28T09:49:35","slug":"kontaktformular","status":"publish","type":"page","link":"https:\/\/www.sprechwerk.at\/spielwiese\/kontaktformular\/","title":{"rendered":"Kontaktformular"},"content":{"rendered":"\t\t<div data-elementor-type=\"wp-post\" data-elementor-id=\"44\" class=\"elementor elementor-44 elementor-bc-flex-widget\">\n\t\t\t\t\t\t<section class=\"elementor-section elementor-top-section elementor-element elementor-element-2700d13 elementor-section-boxed elementor-section-height-default elementor-section-height-default\" data-id=\"2700d13\" data-element_type=\"section\" data-e-type=\"section\">\n\t\t\t\t\t\t<div class=\"elementor-container elementor-column-gap-default\">\n\t\t\t\t\t<div class=\"elementor-column elementor-col-100 elementor-top-column elementor-element elementor-element-c6fc120\" data-id=\"c6fc120\" data-element_type=\"column\" data-e-type=\"column\">\n\t\t\t<div class=\"elementor-widget-wrap\">\n\t\t\t\t\t\t\t<\/div>\n\t\t<\/div>\n\t\t\t\t\t<\/div>\n\t\t<\/section>\n\t\t\t\t<section class=\"elementor-section elementor-top-section elementor-element elementor-element-463cbc9 elementor-section-boxed elementor-section-height-default elementor-section-height-default\" data-id=\"463cbc9\" data-element_type=\"section\" data-e-type=\"section\">\n\t\t\t\t\t\t<div class=\"elementor-container elementor-column-gap-default\">\n\t\t\t\t\t<div class=\"elementor-column elementor-col-33 elementor-top-column elementor-element elementor-element-9076414\" data-id=\"9076414\" data-element_type=\"column\" data-e-type=\"column\">\n\t\t\t<div class=\"elementor-widget-wrap elementor-element-populated\">\n\t\t\t\t\t\t<div class=\"elementor-element elementor-element-75e09a3 elementor-widget elementor-widget-text-editor\" data-id=\"75e09a3\" data-element_type=\"widget\" data-e-type=\"widget\" data-widget_type=\"text-editor.default\">\n\t\t\t\t<div class=\"elementor-widget-container\">\n\t\t\t\t\t\t\t\t\t<p style=\"text-align: center;\">Ich freue mich auf Ihre Kontaktaufnahme!<\/p>\t\t\t\t\t\t\t\t<\/div>\n\t\t\t\t<\/div>\n\t\t\t\t\t<\/div>\n\t\t<\/div>\n\t\t\t\t<div class=\"elementor-column elementor-col-66 elementor-top-column elementor-element elementor-element-81511a1\" data-id=\"81511a1\" data-element_type=\"column\" data-e-type=\"column\">\n\t\t\t<div class=\"elementor-widget-wrap elementor-element-populated\">\n\t\t\t\t\t\t<div class=\"elementor-element elementor-element-ba55d34 elementor-widget elementor-widget-image\" data-id=\"ba55d34\" data-element_type=\"widget\" data-e-type=\"widget\" data-widget_type=\"image.default\">\n\t\t\t\t<div class=\"elementor-widget-container\">\n\t\t\t\t\t\t\t\t\t\t\t\t\t\t\t<img fetchpriority=\"high\" decoding=\"async\" width=\"1024\" height=\"457\" src=\"https:\/\/www.sprechwerk.at\/spielwiese\/wp-content\/uploads\/2018\/11\/bild_neu-1-1024x457.jpg\" class=\"attachment-large size-large wp-image-389\" alt=\"\" srcset=\"https:\/\/www.sprechwerk.at\/spielwiese\/wp-content\/uploads\/2018\/11\/bild_neu-1-1024x457.jpg 1024w, https:\/\/www.sprechwerk.at\/spielwiese\/wp-content\/uploads\/2018\/11\/bild_neu-1-300x134.jpg 300w, https:\/\/www.sprechwerk.at\/spielwiese\/wp-content\/uploads\/2018\/11\/bild_neu-1-768x343.jpg 768w, https:\/\/www.sprechwerk.at\/spielwiese\/wp-content\/uploads\/2018\/11\/bild_neu-1.jpg 1988w\" sizes=\"(max-width: 1024px) 100vw, 1024px\" \/>\t\t\t\t\t\t\t\t\t\t\t\t\t\t\t<\/div>\n\t\t\t\t<\/div>\n\t\t\t\t\t<\/div>\n\t\t<\/div>\n\t\t\t\t\t<\/div>\n\t\t<\/section>\n\t\t\t\t<section class=\"elementor-section elementor-top-section elementor-element elementor-element-bc1d1fb elementor-section-boxed elementor-section-height-default elementor-section-height-default\" data-id=\"bc1d1fb\" data-element_type=\"section\" data-e-type=\"section\">\n\t\t\t\t\t\t<div class=\"elementor-container elementor-column-gap-default\">\n\t\t\t\t\t<div class=\"elementor-column elementor-col-100 elementor-top-column elementor-element elementor-element-ba31b69\" data-id=\"ba31b69\" data-element_type=\"column\" data-e-type=\"column\">\n\t\t\t<div class=\"elementor-widget-wrap elementor-element-populated\">\n\t\t\t\t\t\t<div class=\"elementor-element elementor-element-90dfa4f elementor-widget-divider--view-line elementor-widget elementor-widget-divider\" data-id=\"90dfa4f\" data-element_type=\"widget\" data-e-type=\"widget\" data-widget_type=\"divider.default\">\n\t\t\t\t<div class=\"elementor-widget-container\">\n\t\t\t\t\t\t\t<div class=\"elementor-divider\">\n\t\t\t<span class=\"elementor-divider-separator\">\n\t\t\t\t\t\t<\/span>\n\t\t<\/div>\n\t\t\t\t\t\t<\/div>\n\t\t\t\t<\/div>\n\t\t\t\t\t<\/div>\n\t\t<\/div>\n\t\t\t\t\t<\/div>\n\t\t<\/section>\n\t\t\t\t<section class=\"elementor-section elementor-top-section elementor-element elementor-element-6b8c6ad elementor-section-boxed elementor-section-height-default elementor-section-height-default\" data-id=\"6b8c6ad\" data-element_type=\"section\" data-e-type=\"section\">\n\t\t\t\t\t\t<div class=\"elementor-container elementor-column-gap-default\">\n\t\t\t\t\t<div class=\"elementor-column elementor-col-50 elementor-top-column elementor-element elementor-element-d993348\" data-id=\"d993348\" data-element_type=\"column\" data-e-type=\"column\">\n\t\t\t<div class=\"elementor-widget-wrap elementor-element-populated\">\n\t\t\t\t\t\t<div class=\"elementor-element elementor-element-7466544 elementor-widget elementor-widget-text-editor\" data-id=\"7466544\" data-element_type=\"widget\" data-e-type=\"widget\" data-widget_type=\"text-editor.default\">\n\t\t\t\t<div class=\"elementor-widget-container\">\n\t\t\t\t\t\t\t\t\t<center>\n<div class=\"wpcf7 no-js\" id=\"wpcf7-f43-o1\" lang=\"de-DE\" dir=\"ltr\" data-wpcf7-id=\"43\">\n<div class=\"screen-reader-response\"><p role=\"status\" aria-live=\"polite\" aria-atomic=\"true\"><\/p> <ul><\/ul><\/div>\n<form action=\"\/spielwiese\/wp-json\/wp\/v2\/pages\/44#wpcf7-f43-o1\" method=\"post\" class=\"wpcf7-form init\" aria-label=\"Kontaktformular\" novalidate=\"novalidate\" data-status=\"init\">\n<fieldset class=\"hidden-fields-container\"><input type=\"hidden\" name=\"_wpcf7\" value=\"43\" \/><input type=\"hidden\" name=\"_wpcf7_version\" value=\"6.1.5\" \/><input type=\"hidden\" name=\"_wpcf7_locale\" value=\"de_DE\" \/><input type=\"hidden\" name=\"_wpcf7_unit_tag\" value=\"wpcf7-f43-o1\" \/><input type=\"hidden\" name=\"_wpcf7_container_post\" value=\"0\" \/><input type=\"hidden\" name=\"_wpcf7_posted_data_hash\" value=\"\" \/>\n<\/fieldset>\n<p><label> Ihr Name (Pflichtfeld)<br \/>\n<span class=\"wpcf7-form-control-wrap\" data-name=\"your-name\"><input size=\"40\" maxlength=\"400\" class=\"wpcf7-form-control wpcf7-text wpcf7-validates-as-required\" aria-required=\"true\" aria-invalid=\"false\" value=\"\" type=\"text\" name=\"your-name\" \/><\/span> <\/label>\n<\/p>\n<p><label> Ihre E-Mail-Adresse (Pflichtfeld)<br \/>\n<span class=\"wpcf7-form-control-wrap\" data-name=\"your-email\"><input size=\"40\" maxlength=\"400\" class=\"wpcf7-form-control wpcf7-email wpcf7-validates-as-required wpcf7-text wpcf7-validates-as-email\" aria-required=\"true\" aria-invalid=\"false\" value=\"\" type=\"email\" name=\"your-email\" \/><\/span> <\/label>\n<\/p>\n<p><label> Ihre Nachricht<br \/>\n<span class=\"wpcf7-form-control-wrap\" data-name=\"your-message\"><textarea cols=\"40\" rows=\"10\" maxlength=\"2000\" class=\"wpcf7-form-control wpcf7-textarea\" aria-invalid=\"false\" name=\"your-message\"><\/textarea><\/span> <\/label>\n<\/p>\n<p><span class=\"wpcf7-form-control-wrap wpgdprc\"><span class=\"wpcf7-form-control wpcf7-wpgdprc wpcf7-validates-as-required\"><span class=\"wpcf7-list-item\"><input type=\"checkbox\" name=\"wpgdprc\" value=\"1\" aria-required=\"true\" aria-invalid=\"false\" \/><span class=\"wpcf7-list-item-label\">Mit der Nutzung dieses Formulars erkl\u00e4ren Sie sich mit der Speicherung und Verarbeitung Ihrer Daten durch diese Internet-Seite einverstanden.<\/span><\/span><\/span>    <\/span>\n<\/p>\n<p><input class=\"wpcf7-form-control wpcf7-submit has-spinner\" type=\"submit\" value=\"Senden\" \/>\n<\/p><div class=\"wpcf7-response-output\" aria-hidden=\"true\"><\/div>\n<\/form>\n<\/div>\n<\/center>\t\t\t\t\t\t\t\t<\/div>\n\t\t\t\t<\/div>\n\t\t\t\t\t<\/div>\n\t\t<\/div>\n\t\t\t\t<div class=\"elementor-column elementor-col-50 elementor-top-column elementor-element elementor-element-cf07b6a\" data-id=\"cf07b6a\" data-element_type=\"column\" data-e-type=\"column\">\n\t\t\t<div class=\"elementor-widget-wrap elementor-element-populated\">\n\t\t\t\t\t\t<div class=\"elementor-element elementor-element-63cc034 elementor-widget elementor-widget-text-editor\" data-id=\"63cc034\" data-element_type=\"widget\" data-e-type=\"widget\" data-widget_type=\"text-editor.default\">\n\t\t\t\t<div class=\"elementor-widget-container\">\n\t\t\t\t\t\t\t\t\t<h4 style=\"text-align: center;\"><strong>So k\u00f6nnen Sie sich mit mir in Verbindung setzen:<\/strong><\/h4><p style=\"text-align: center;\">Ich danke Ihnen f\u00fcr das Interesse an meinem Unternehmen und freuen mich, dass Sie mit mir Kontakt aufnehmen m\u00f6chten.<\/p><p style=\"text-align: center;\">Im modernen Medienzeitalter kann ich Ihnen eine Vielzahl von M\u00f6glichkeiten zur Kontaktaufnahme anbieten:<\/p><p style=\"text-align: center;\">per <strong>Telefon<\/strong>, per <strong>Fax<\/strong> oder per <strong>eMail<\/strong> &#8230;<\/p><p style=\"text-align: center;\">&#8230; oder mit dem angef\u00fcgten Kontaktformular.<\/p><p style=\"text-align: center;\">Auf dem <strong>Postweg<\/strong> erreichen Sie uns unter der Adresse:<\/p><p style=\"text-align: center;\"><strong>Sprechwerk<\/strong> <br \/>Sandra Gr\u00fcllenberger<\/p><p style=\"text-align: center;\">Linzer Stra\u00dfe 15<br \/>A-4490 &#8211; St. Florian<\/p><p style=\"text-align: center;\">Tel.: +43 664 13 97 477<br \/>Fax: +43 7224 22028 <br \/>E-Mail: <a href=\"mailto:office@sprechwerk.at\" target=\"_blank\" rel=\"noopener\">office@sprechwerk.at<\/a><\/p><p><img decoding=\"async\" class=\"wp-image-402 size-medium aligncenter\" src=\"http:\/\/www.sprechwerk.at\/spielwiese\/wp-content\/uploads\/2018\/11\/visitenkarte_Sandra2-300x187.jpg\" alt=\"\" width=\"300\" height=\"187\" srcset=\"https:\/\/www.sprechwerk.at\/spielwiese\/wp-content\/uploads\/2018\/11\/visitenkarte_Sandra2-300x187.jpg 300w, https:\/\/www.sprechwerk.at\/spielwiese\/wp-content\/uploads\/2018\/11\/visitenkarte_Sandra2.jpg 705w\" sizes=\"(max-width: 300px) 100vw, 300px\" \/><\/p>\t\t\t\t\t\t\t\t<\/div>\n\t\t\t\t<\/div>\n\t\t\t\t\t<\/div>\n\t\t<\/div>\n\t\t\t\t\t<\/div>\n\t\t<\/section>\n\t\t\t\t<section class=\"elementor-section elementor-top-section elementor-element elementor-element-998d036 elementor-section-boxed elementor-section-height-default elementor-section-height-default\" data-id=\"998d036\" data-element_type=\"section\" data-e-type=\"section\">\n\t\t\t\t\t\t<div class=\"elementor-container elementor-column-gap-default\">\n\t\t\t\t\t<div class=\"elementor-column elementor-col-100 elementor-top-column elementor-element elementor-element-3049c98\" data-id=\"3049c98\" data-element_type=\"column\" data-e-type=\"column\">\n\t\t\t<div class=\"elementor-widget-wrap elementor-element-populated\">\n\t\t\t\t\t\t<div class=\"elementor-element elementor-element-11be974 elementor-widget-divider--view-line elementor-widget elementor-widget-divider\" data-id=\"11be974\" data-element_type=\"widget\" data-e-type=\"widget\" data-widget_type=\"divider.default\">\n\t\t\t\t<div class=\"elementor-widget-container\">\n\t\t\t\t\t\t\t<div class=\"elementor-divider\">\n\t\t\t<span class=\"elementor-divider-separator\">\n\t\t\t\t\t\t<\/span>\n\t\t<\/div>\n\t\t\t\t\t\t<\/div>\n\t\t\t\t<\/div>\n\t\t\t\t<div class=\"elementor-element elementor-element-af2a2c9 elementor-widget elementor-widget-google_maps\" data-id=\"af2a2c9\" data-element_type=\"widget\" data-e-type=\"widget\" data-widget_type=\"google_maps.default\">\n\t\t\t\t<div class=\"elementor-widget-container\">\n\t\t\t\t\t\t\t<div class=\"elementor-custom-embed\">\n\t\t\t<iframe loading=\"lazy\"\n\t\t\t\t\tsrc=\"https:\/\/maps.google.com\/maps?q=Linzer%20Stra%C3%9Fe%2015%20A-4490%20-%20St.%20Florian&#038;t=m&#038;z=10&#038;output=embed&#038;iwloc=near\"\n\t\t\t\t\ttitle=\"Linzer Stra\u00dfe 15 A-4490 - St. Florian\"\n\t\t\t\t\taria-label=\"Linzer Stra\u00dfe 15 A-4490 - St. Florian\"\n\t\t\t><\/iframe>\n\t\t<\/div>\n\t\t\t\t\t\t<\/div>\n\t\t\t\t<\/div>\n\t\t\t\t\t<\/div>\n\t\t<\/div>\n\t\t\t\t\t<\/div>\n\t\t<\/section>\n\t\t\t\t<\/div>\n\t\t","protected":false},"excerpt":{"rendered":"<p>Ich freue mich auf Ihre Kontaktaufnahme! So k\u00f6nnen Sie sich mit mir in Verbindung setzen: Ich danke Ihnen f\u00fcr das Interesse an meinem Unternehmen und freuen mich, dass Sie mit mir Kontakt aufnehmen m\u00f6chten. Im modernen Medienzeitalter kann ich Ihnen eine Vielzahl von M\u00f6glichkeiten zur Kontaktaufnahme anbieten: per Telefon, per Fax oder per eMail &#8230; [&hellip;]<\/p>\n","protected":false},"author":2,"featured_media":51,"parent":0,"menu_order":0,"comment_status":"closed","ping_status":"closed","template":"template-parts\/template-homepage.php","meta":{"footnotes":""},"class_list":["post-44","page","type-page","status-publish","has-post-thumbnail","hentry"],"_links":{"self":[{"href":"https:\/\/www.sprechwerk.at\/spielwiese\/wp-json\/wp\/v2\/pages\/44","targetHints":{"allow":["GET"]}}],"collection":[{"href":"https:\/\/www.sprechwerk.at\/spielwiese\/wp-json\/wp\/v2\/pages"}],"about":[{"href":"https:\/\/www.sprechwerk.at\/spielwiese\/wp-json\/wp\/v2\/types\/page"}],"author":[{"embeddable":true,"href":"https:\/\/www.sprechwerk.at\/spielwiese\/wp-json\/wp\/v2\/users\/2"}],"replies":[{"embeddable":true,"href":"https:\/\/www.sprechwerk.at\/spielwiese\/wp-json\/wp\/v2\/comments?post=44"}],"version-history":[{"count":64,"href":"https:\/\/www.sprechwerk.at\/spielwiese\/wp-json\/wp\/v2\/pages\/44\/revisions"}],"predecessor-version":[{"id":512,"href":"https:\/\/www.sprechwerk.at\/spielwiese\/wp-json\/wp\/v2\/pages\/44\/revisions\/512"}],"wp:featuredmedia":[{"embeddable":true,"href":"https:\/\/www.sprechwerk.at\/spielwiese\/wp-json\/wp\/v2\/media\/51"}],"wp:attachment":[{"href":"https:\/\/www.sprechwerk.at\/spielwiese\/wp-json\/wp\/v2\/media?parent=44"}],"curies":[{"name":"wp","href":"https:\/\/api.w.org\/{rel}","templated":true}]}}