{"id":233,"date":"2018-06-11T19:50:24","date_gmt":"2018-06-11T17:50:24","guid":{"rendered":"http:\/\/www.sprechwerk.at\/spielwiese\/?page_id=233"},"modified":"2018-11-27T12:24:43","modified_gmt":"2018-11-27T11:24:43","slug":"stimme","status":"publish","type":"page","link":"https:\/\/www.sprechwerk.at\/spielwiese\/therapie\/stimme\/","title":{"rendered":"Stimme"},"content":{"rendered":"\t\t<div data-elementor-type=\"wp-post\" data-elementor-id=\"233\" class=\"elementor elementor-233 elementor-bc-flex-widget\">\n\t\t\t\t\t\t<section class=\"elementor-section elementor-top-section elementor-element elementor-element-5a466c0c elementor-section-boxed elementor-section-height-default elementor-section-height-default\" data-id=\"5a466c0c\" data-element_type=\"section\" data-e-type=\"section\">\n\t\t\t\t\t\t<div class=\"elementor-container elementor-column-gap-default\">\n\t\t\t\t\t<div class=\"elementor-column elementor-col-33 elementor-top-column elementor-element elementor-element-622a9bec\" data-id=\"622a9bec\" data-element_type=\"column\" data-e-type=\"column\">\n\t\t\t<div class=\"elementor-widget-wrap elementor-element-populated\">\n\t\t\t\t\t\t<div class=\"elementor-element elementor-element-6e710e9 elementor-widget elementor-widget-text-editor\" data-id=\"6e710e9\" data-element_type=\"widget\" data-e-type=\"widget\" data-widget_type=\"text-editor.default\">\n\t\t\t\t<div class=\"elementor-widget-container\">\n\t\t\t\t\t\t\t\t\t<p style=\"text-align: center;\">Therapie: Stimme<\/p>\t\t\t\t\t\t\t\t<\/div>\n\t\t\t\t<\/div>\n\t\t\t\t\t<\/div>\n\t\t<\/div>\n\t\t\t\t<div class=\"elementor-column elementor-col-66 elementor-top-column elementor-element elementor-element-b541b9c\" data-id=\"b541b9c\" data-element_type=\"column\" data-e-type=\"column\">\n\t\t\t<div class=\"elementor-widget-wrap elementor-element-populated\">\n\t\t\t\t\t\t<div class=\"elementor-element elementor-element-667c570c elementor-widget elementor-widget-image\" data-id=\"667c570c\" data-element_type=\"widget\" data-e-type=\"widget\" data-widget_type=\"image.default\">\n\t\t\t\t<div class=\"elementor-widget-container\">\n\t\t\t\t\t\t\t\t\t\t\t\t\t\t\t\t<a href=\"http:\/\/www.sprechwerk.at\/\">\n\t\t\t\t\t\t\t<img fetchpriority=\"high\" decoding=\"async\" width=\"1024\" height=\"457\" src=\"https:\/\/www.sprechwerk.at\/spielwiese\/wp-content\/uploads\/2018\/11\/bild_neu-1-1024x457.jpg\" class=\"attachment-large size-large wp-image-389\" alt=\"\" srcset=\"https:\/\/www.sprechwerk.at\/spielwiese\/wp-content\/uploads\/2018\/11\/bild_neu-1-1024x457.jpg 1024w, https:\/\/www.sprechwerk.at\/spielwiese\/wp-content\/uploads\/2018\/11\/bild_neu-1-300x134.jpg 300w, https:\/\/www.sprechwerk.at\/spielwiese\/wp-content\/uploads\/2018\/11\/bild_neu-1-768x343.jpg 768w, https:\/\/www.sprechwerk.at\/spielwiese\/wp-content\/uploads\/2018\/11\/bild_neu-1.jpg 1988w\" sizes=\"(max-width: 1024px) 100vw, 1024px\" \/>\t\t\t\t\t\t\t\t<\/a>\n\t\t\t\t\t\t\t\t\t\t\t\t\t\t\t<\/div>\n\t\t\t\t<\/div>\n\t\t\t\t\t<\/div>\n\t\t<\/div>\n\t\t\t\t\t<\/div>\n\t\t<\/section>\n\t\t\t\t<section class=\"elementor-section elementor-top-section elementor-element elementor-element-ddce24a elementor-section-boxed elementor-section-height-default elementor-section-height-default\" data-id=\"ddce24a\" data-element_type=\"section\" data-e-type=\"section\">\n\t\t\t\t\t\t<div class=\"elementor-container elementor-column-gap-default\">\n\t\t\t\t\t<div class=\"elementor-column elementor-col-100 elementor-top-column elementor-element elementor-element-aca2386\" data-id=\"aca2386\" data-element_type=\"column\" data-e-type=\"column\">\n\t\t\t<div class=\"elementor-widget-wrap elementor-element-populated\">\n\t\t\t\t\t\t<div class=\"elementor-element elementor-element-779d28c elementor-widget-divider--view-line elementor-widget elementor-widget-divider\" data-id=\"779d28c\" data-element_type=\"widget\" data-e-type=\"widget\" data-widget_type=\"divider.default\">\n\t\t\t\t<div class=\"elementor-widget-container\">\n\t\t\t\t\t\t\t<div class=\"elementor-divider\">\n\t\t\t<span class=\"elementor-divider-separator\">\n\t\t\t\t\t\t<\/span>\n\t\t<\/div>\n\t\t\t\t\t\t<\/div>\n\t\t\t\t<\/div>\n\t\t\t\t<div class=\"elementor-element elementor-element-fd73582 elementor-widget elementor-widget-text-editor\" data-id=\"fd73582\" data-element_type=\"widget\" data-e-type=\"widget\" data-widget_type=\"text-editor.default\">\n\t\t\t\t<div class=\"elementor-widget-container\">\n\t\t\t\t\t\t\t\t\t<p>Ver\u00e4nderter Stimmklang, Dysphonie<\/p>\t\t\t\t\t\t\t\t<\/div>\n\t\t\t\t<\/div>\n\t\t\t\t<div class=\"elementor-element elementor-element-5693182 elementor-widget elementor-widget-text-editor\" data-id=\"5693182\" data-element_type=\"widget\" data-e-type=\"widget\" data-widget_type=\"text-editor.default\">\n\t\t\t\t<div class=\"elementor-widget-container\">\n\t\t\t\t\t\t\t\t\t<p>Darunter versteht man eine St\u00f6rung der Stimme, die sich in einer Ver\u00e4nderung des Stimmklangs und der Leistungsf\u00e4higkeit \u00e4u\u00dfert.<\/p><p>Folgende Beschwerden k\u00f6nnen auftreten:<\/p><ul><li>Heiserkeit<\/li><li>R\u00e4usperzwang<\/li><li>geringe Belastbarkeit<\/li><li>rasche Erm\u00fcdbarkeit der Stimme<\/li><li>Fremdk\u00f6rpergef\u00fchl<\/li><li>Stimmversagen<\/li><li>Schmerzen beim Sprechen<\/li><\/ul>\t\t\t\t\t\t\t\t<\/div>\n\t\t\t\t<\/div>\n\t\t\t\t\t<\/div>\n\t\t<\/div>\n\t\t\t\t\t<\/div>\n\t\t<\/section>\n\t\t\t\t<section class=\"elementor-section elementor-top-section elementor-element elementor-element-c189b16 elementor-section-boxed elementor-section-height-default elementor-section-height-default\" data-id=\"c189b16\" data-element_type=\"section\" data-e-type=\"section\">\n\t\t\t\t\t\t<div class=\"elementor-container elementor-column-gap-default\">\n\t\t\t\t\t<div class=\"elementor-column elementor-col-100 elementor-top-column elementor-element elementor-element-41a23e4\" data-id=\"41a23e4\" data-element_type=\"column\" data-e-type=\"column\">\n\t\t\t<div class=\"elementor-widget-wrap elementor-element-populated\">\n\t\t\t\t\t\t<div class=\"elementor-element elementor-element-1985b0c elementor-widget-divider--view-line elementor-widget elementor-widget-divider\" data-id=\"1985b0c\" data-element_type=\"widget\" data-e-type=\"widget\" data-widget_type=\"divider.default\">\n\t\t\t\t<div class=\"elementor-widget-container\">\n\t\t\t\t\t\t\t<div class=\"elementor-divider\">\n\t\t\t<span class=\"elementor-divider-separator\">\n\t\t\t\t\t\t<\/span>\n\t\t<\/div>\n\t\t\t\t\t\t<\/div>\n\t\t\t\t<\/div>\n\t\t\t\t<div class=\"elementor-element elementor-element-53c6d2d elementor-widget elementor-widget-text-editor\" data-id=\"53c6d2d\" data-element_type=\"widget\" data-e-type=\"widget\" data-widget_type=\"text-editor.default\">\n\t\t\t\t<div class=\"elementor-widget-container\">\n\t\t\t\t\t\t\t\t\tMan unterscheidet je nach zugrunde liegender Ursache zwischen:\n\n<strong>Organisch bedingten Dysphonien:<\/strong>\n\nOrganische Ver\u00e4nderungen l\u00f6sen die St\u00f6rung aus\n\n<strong>Funktionell bedingten Dysphonien:<\/strong>\n\nUrsache ist der falsche Stimmgebrauch, organisch ist keine St\u00f6rung feststellbar.\t\t\t\t\t\t\t\t<\/div>\n\t\t\t\t<\/div>\n\t\t\t\t<div class=\"elementor-element elementor-element-0af7e50 elementor-widget-divider--view-line elementor-widget elementor-widget-divider\" data-id=\"0af7e50\" data-element_type=\"widget\" data-e-type=\"widget\" data-widget_type=\"divider.default\">\n\t\t\t\t<div class=\"elementor-widget-container\">\n\t\t\t\t\t\t\t<div class=\"elementor-divider\">\n\t\t\t<span class=\"elementor-divider-separator\">\n\t\t\t\t\t\t<\/span>\n\t\t<\/div>\n\t\t\t\t\t\t<\/div>\n\t\t\t\t<\/div>\n\t\t\t\t<div class=\"elementor-element elementor-element-9068d4d elementor-widget elementor-widget-text-editor\" data-id=\"9068d4d\" data-element_type=\"widget\" data-e-type=\"widget\" data-widget_type=\"text-editor.default\">\n\t\t\t\t<div class=\"elementor-widget-container\">\n\t\t\t\t\t\t\t\t\t<p>Funktionelle St\u00f6rungen k\u00f6nnen sich allerdings, falls sie nicht behandelt werden, auch organisch manifestieren, beispielsweise in Form von Stimmlippenkn\u00f6tchen.\u00a0Aus diesem Grund sollte mit der Behandlung funktioneller Stimmst\u00f6rungen nicht zugewartet werden.<\/p><blockquote><p><em>Das Ziel der Therapie ist es, eine gut funktionierende, modulationsf\u00e4hige Stimme zu erarbeiten.<\/em><\/p><\/blockquote>\t\t\t\t\t\t\t\t<\/div>\n\t\t\t\t<\/div>\n\t\t\t\t\t<\/div>\n\t\t<\/div>\n\t\t\t\t\t<\/div>\n\t\t<\/section>\n\t\t\t\t<\/div>\n\t\t","protected":false},"excerpt":{"rendered":"<p>Therapie: Stimme Ver\u00e4nderter Stimmklang, Dysphonie Darunter versteht man eine St\u00f6rung der Stimme, die sich in einer Ver\u00e4nderung des Stimmklangs und der Leistungsf\u00e4higkeit \u00e4u\u00dfert. Folgende Beschwerden k\u00f6nnen auftreten: Heiserkeit R\u00e4usperzwang geringe Belastbarkeit rasche Erm\u00fcdbarkeit der Stimme Fremdk\u00f6rpergef\u00fchl Stimmversagen Schmerzen beim Sprechen Man unterscheidet je nach zugrunde liegender Ursache zwischen: Organisch bedingten Dysphonien: Organische Ver\u00e4nderungen l\u00f6sen die [&hellip;]<\/p>\n","protected":false},"author":2,"featured_media":0,"parent":61,"menu_order":0,"comment_status":"closed","ping_status":"closed","template":"elementor_header_footer","meta":{"footnotes":""},"class_list":["post-233","page","type-page","status-publish","hentry"],"_links":{"self":[{"href":"https:\/\/www.sprechwerk.at\/spielwiese\/wp-json\/wp\/v2\/pages\/233","targetHints":{"allow":["GET"]}}],"collection":[{"href":"https:\/\/www.sprechwerk.at\/spielwiese\/wp-json\/wp\/v2\/pages"}],"about":[{"href":"https:\/\/www.sprechwerk.at\/spielwiese\/wp-json\/wp\/v2\/types\/page"}],"author":[{"embeddable":true,"href":"https:\/\/www.sprechwerk.at\/spielwiese\/wp-json\/wp\/v2\/users\/2"}],"replies":[{"embeddable":true,"href":"https:\/\/www.sprechwerk.at\/spielwiese\/wp-json\/wp\/v2\/comments?post=233"}],"version-history":[{"count":19,"href":"https:\/\/www.sprechwerk.at\/spielwiese\/wp-json\/wp\/v2\/pages\/233\/revisions"}],"predecessor-version":[{"id":508,"href":"https:\/\/www.sprechwerk.at\/spielwiese\/wp-json\/wp\/v2\/pages\/233\/revisions\/508"}],"up":[{"embeddable":true,"href":"https:\/\/www.sprechwerk.at\/spielwiese\/wp-json\/wp\/v2\/pages\/61"}],"wp:attachment":[{"href":"https:\/\/www.sprechwerk.at\/spielwiese\/wp-json\/wp\/v2\/media?parent=233"}],"curies":[{"name":"wp","href":"https:\/\/api.w.org\/{rel}","templated":true}]}}