{"id":215,"date":"2018-06-11T19:36:13","date_gmt":"2018-06-11T17:36:13","guid":{"rendered":"http:\/\/www.sprechwerk.at\/spielwiese\/?page_id=215"},"modified":"2018-11-27T12:23:51","modified_gmt":"2018-11-27T11:23:51","slug":"sprache","status":"publish","type":"page","link":"https:\/\/www.sprechwerk.at\/spielwiese\/therapie\/sprache\/","title":{"rendered":"Sprache"},"content":{"rendered":"\t\t<div data-elementor-type=\"wp-page\" data-elementor-id=\"215\" class=\"elementor elementor-215 elementor-bc-flex-widget\">\n\t\t\t\t\t\t<section class=\"elementor-section elementor-top-section elementor-element elementor-element-31949970 elementor-section-boxed elementor-section-height-default elementor-section-height-default\" data-id=\"31949970\" data-element_type=\"section\" data-e-type=\"section\">\n\t\t\t\t\t\t<div class=\"elementor-container elementor-column-gap-default\">\n\t\t\t\t\t<div class=\"elementor-column elementor-col-33 elementor-top-column elementor-element elementor-element-1bcbf721\" data-id=\"1bcbf721\" data-element_type=\"column\" data-e-type=\"column\">\n\t\t\t<div class=\"elementor-widget-wrap elementor-element-populated\">\n\t\t\t\t\t\t<div class=\"elementor-element elementor-element-9db377a elementor-widget elementor-widget-text-editor\" data-id=\"9db377a\" data-element_type=\"widget\" data-e-type=\"widget\" data-widget_type=\"text-editor.default\">\n\t\t\t\t<div class=\"elementor-widget-container\">\n\t\t\t\t\t\t\t\t\t<p style=\"text-align: center;\">Therapie: Sprache und Sprechen<\/p>\t\t\t\t\t\t\t\t<\/div>\n\t\t\t\t<\/div>\n\t\t\t\t<div class=\"elementor-element elementor-element-27006294 elementor-widget elementor-widget-spacer\" data-id=\"27006294\" data-element_type=\"widget\" data-e-type=\"widget\" data-widget_type=\"spacer.default\">\n\t\t\t\t<div class=\"elementor-widget-container\">\n\t\t\t\t\t\t\t<div class=\"elementor-spacer\">\n\t\t\t<div class=\"elementor-spacer-inner\"><\/div>\n\t\t<\/div>\n\t\t\t\t\t\t<\/div>\n\t\t\t\t<\/div>\n\t\t\t\t\t<\/div>\n\t\t<\/div>\n\t\t\t\t<div class=\"elementor-column elementor-col-66 elementor-top-column elementor-element elementor-element-3c132f5f\" data-id=\"3c132f5f\" data-element_type=\"column\" data-e-type=\"column\">\n\t\t\t<div class=\"elementor-widget-wrap elementor-element-populated\">\n\t\t\t\t\t\t<div class=\"elementor-element elementor-element-181d84ee elementor-widget elementor-widget-image\" data-id=\"181d84ee\" data-element_type=\"widget\" data-e-type=\"widget\" data-widget_type=\"image.default\">\n\t\t\t\t<div class=\"elementor-widget-container\">\n\t\t\t\t\t\t\t\t\t\t\t\t\t\t\t\t<a href=\"http:\/\/www.sprechwerk.at\/\">\n\t\t\t\t\t\t\t<img fetchpriority=\"high\" decoding=\"async\" width=\"1024\" height=\"457\" src=\"https:\/\/www.sprechwerk.at\/spielwiese\/wp-content\/uploads\/2018\/11\/bild_neu-1-1024x457.jpg\" class=\"attachment-large size-large wp-image-389\" alt=\"\" srcset=\"https:\/\/www.sprechwerk.at\/spielwiese\/wp-content\/uploads\/2018\/11\/bild_neu-1-1024x457.jpg 1024w, https:\/\/www.sprechwerk.at\/spielwiese\/wp-content\/uploads\/2018\/11\/bild_neu-1-300x134.jpg 300w, https:\/\/www.sprechwerk.at\/spielwiese\/wp-content\/uploads\/2018\/11\/bild_neu-1-768x343.jpg 768w, https:\/\/www.sprechwerk.at\/spielwiese\/wp-content\/uploads\/2018\/11\/bild_neu-1.jpg 1988w\" sizes=\"(max-width: 1024px) 100vw, 1024px\" \/>\t\t\t\t\t\t\t\t<\/a>\n\t\t\t\t\t\t\t\t\t\t\t\t\t\t\t<\/div>\n\t\t\t\t<\/div>\n\t\t\t\t\t<\/div>\n\t\t<\/div>\n\t\t\t\t\t<\/div>\n\t\t<\/section>\n\t\t\t\t<section class=\"elementor-section elementor-top-section elementor-element elementor-element-1e05825 elementor-section-boxed elementor-section-height-default elementor-section-height-default\" data-id=\"1e05825\" data-element_type=\"section\" data-e-type=\"section\">\n\t\t\t\t\t\t<div class=\"elementor-container elementor-column-gap-default\">\n\t\t\t\t\t<div class=\"elementor-column elementor-col-100 elementor-top-column elementor-element elementor-element-e3163c9\" data-id=\"e3163c9\" data-element_type=\"column\" data-e-type=\"column\">\n\t\t\t<div class=\"elementor-widget-wrap elementor-element-populated\">\n\t\t\t\t\t\t<div class=\"elementor-element elementor-element-68cf9e9 elementor-widget-divider--view-line elementor-widget elementor-widget-divider\" data-id=\"68cf9e9\" data-element_type=\"widget\" data-e-type=\"widget\" data-widget_type=\"divider.default\">\n\t\t\t\t<div class=\"elementor-widget-container\">\n\t\t\t\t\t\t\t<div class=\"elementor-divider\">\n\t\t\t<span class=\"elementor-divider-separator\">\n\t\t\t\t\t\t<\/span>\n\t\t<\/div>\n\t\t\t\t\t\t<\/div>\n\t\t\t\t<\/div>\n\t\t\t\t<div class=\"elementor-element elementor-element-e40571d elementor-widget elementor-widget-text-editor\" data-id=\"e40571d\" data-element_type=\"widget\" data-e-type=\"widget\" data-widget_type=\"text-editor.default\">\n\t\t\t\t<div class=\"elementor-widget-container\">\n\t\t\t\t\t\t\t\t\t<p>Die verbale Kommunikation nimmt in unserem Leben eine wichtige Rolle ein. Sie bedeutet sozialen, kulturellen und emotionalen Austausch.<\/p><p>Die Sprache dient in unserem Leben also nicht allein der Informations\u00fcbermittlung sondern ist auch f\u00fcr die zwischenmenschlichen Beziehungen von gro\u00dfer Bedeutung. Die Sprache und das Sprechen kann in allen Altersklassen beeintr\u00e4chtigt sein.<\/p>\t\t\t\t\t\t\t\t<\/div>\n\t\t\t\t<\/div>\n\t\t\t\t<div class=\"elementor-element elementor-element-af4ac3c elementor-widget-divider--view-line elementor-widget elementor-widget-divider\" data-id=\"af4ac3c\" data-element_type=\"widget\" data-e-type=\"widget\" data-widget_type=\"divider.default\">\n\t\t\t\t<div class=\"elementor-widget-container\">\n\t\t\t\t\t\t\t<div class=\"elementor-divider\">\n\t\t\t<span class=\"elementor-divider-separator\">\n\t\t\t\t\t\t<\/span>\n\t\t<\/div>\n\t\t\t\t\t\t<\/div>\n\t\t\t\t<\/div>\n\t\t\t\t<div class=\"elementor-element elementor-element-049a1fe elementor-widget elementor-widget-text-editor\" data-id=\"049a1fe\" data-element_type=\"widget\" data-e-type=\"widget\" data-widget_type=\"text-editor.default\">\n\t\t\t\t<div class=\"elementor-widget-container\">\n\t\t\t\t\t\t\t\t\t<h3 style=\"text-align: center;\"><strong>Neurologische Sprach- und Sprechst\u00f6rungen<\/strong><\/h3><p>Wenn aufgrund einer neurologischen Erkrankung (Schlaganfall, Gehirntumor, Operation \u2026) die Sprachzentren im Gehirn gesch\u00e4digt sind, kann dies unterschiedliche Sprach- und Sprechst\u00f6rungen zur Folge haben.<\/p>\t\t\t\t\t\t\t\t<\/div>\n\t\t\t\t<\/div>\n\t\t\t\t<div class=\"elementor-element elementor-element-cdeecf8 elementor-tabs-view-horizontal elementor-widget elementor-widget-tabs\" data-id=\"cdeecf8\" data-element_type=\"widget\" data-e-type=\"widget\" data-widget_type=\"tabs.default\">\n\t\t\t\t<div class=\"elementor-widget-container\">\n\t\t\t\t\t\t\t<div class=\"elementor-tabs\">\n\t\t\t<div class=\"elementor-tabs-wrapper\" role=\"tablist\" >\n\t\t\t\t\t\t\t\t\t<div id=\"elementor-tab-title-2151\" class=\"elementor-tab-title elementor-tab-desktop-title\" aria-selected=\"true\" data-tab=\"1\" role=\"tab\" tabindex=\"0\" aria-controls=\"elementor-tab-content-2151\" aria-expanded=\"false\">Aphasie<\/div>\n\t\t\t\t\t\t\t\t\t<div id=\"elementor-tab-title-2152\" class=\"elementor-tab-title elementor-tab-desktop-title\" aria-selected=\"false\" data-tab=\"2\" role=\"tab\" tabindex=\"-1\" aria-controls=\"elementor-tab-content-2152\" aria-expanded=\"false\">Dysartrie<\/div>\n\t\t\t\t\t\t\t<\/div>\n\t\t\t<div class=\"elementor-tabs-content-wrapper\" role=\"tablist\" aria-orientation=\"vertical\">\n\t\t\t\t\t\t\t\t\t<div class=\"elementor-tab-title elementor-tab-mobile-title\" aria-selected=\"true\" data-tab=\"1\" role=\"tab\" tabindex=\"0\" aria-controls=\"elementor-tab-content-2151\" aria-expanded=\"false\">Aphasie<\/div>\n\t\t\t\t\t<div id=\"elementor-tab-content-2151\" class=\"elementor-tab-content elementor-clearfix\" data-tab=\"1\" role=\"tabpanel\" aria-labelledby=\"elementor-tab-title-2151\" tabindex=\"0\" hidden=\"false\"><p>Darunter versteht man eine Sprachst\u00f6rung auf Grund einer Hirnsch\u00e4digung <strong>nach Abschluss<\/strong> des Spracherwerbs. Aphasische St\u00f6rungen f\u00fchren zu Problemen in verbaler Kommunikation und haben h\u00e4ufig enorme psycho-soziale Auswirkungen. Bei einer Aphasie k\u00f6nnen die Sprachproduktion, das Sprachverst\u00e4ndnis, das Lesen und das Schreiben betroffen sein. Je nach Schweregrad ist die verbale Kommunikation eingeschr\u00e4nkt, oder sogar unm\u00f6glich.<\/p><\/div>\n\t\t\t\t\t\t\t\t\t<div class=\"elementor-tab-title elementor-tab-mobile-title\" aria-selected=\"false\" data-tab=\"2\" role=\"tab\" tabindex=\"-1\" aria-controls=\"elementor-tab-content-2152\" aria-expanded=\"false\">Dysartrie<\/div>\n\t\t\t\t\t<div id=\"elementor-tab-content-2152\" class=\"elementor-tab-content elementor-clearfix\" data-tab=\"2\" role=\"tabpanel\" aria-labelledby=\"elementor-tab-title-2152\" tabindex=\"0\" hidden=\"hidden\"><p>Dysartrie ist eine St\u00f6rung der Artikulation, Atmung und Stimmerzeugung aufgrund einer Sch\u00e4digung des zentralen oder peripheren Nervensystems. Das Verstehen ist in diesen F\u00e4llen meist nicht beeintr\u00e4chtigt.<\/p><\/div>\n\t\t\t\t\t\t\t<\/div>\n\t\t<\/div>\n\t\t\t\t\t\t<\/div>\n\t\t\t\t<\/div>\n\t\t\t\t<div class=\"elementor-element elementor-element-9cdfb8c elementor-widget-divider--view-line elementor-widget elementor-widget-divider\" data-id=\"9cdfb8c\" data-element_type=\"widget\" data-e-type=\"widget\" data-widget_type=\"divider.default\">\n\t\t\t\t<div class=\"elementor-widget-container\">\n\t\t\t\t\t\t\t<div class=\"elementor-divider\">\n\t\t\t<span class=\"elementor-divider-separator\">\n\t\t\t\t\t\t<\/span>\n\t\t<\/div>\n\t\t\t\t\t\t<\/div>\n\t\t\t\t<\/div>\n\t\t\t\t\t<\/div>\n\t\t<\/div>\n\t\t\t\t\t<\/div>\n\t\t<\/section>\n\t\t\t\t<section class=\"elementor-section elementor-top-section elementor-element elementor-element-45029e7 elementor-section-boxed elementor-section-height-default elementor-section-height-default\" data-id=\"45029e7\" data-element_type=\"section\" data-e-type=\"section\">\n\t\t\t\t\t\t<div class=\"elementor-container elementor-column-gap-default\">\n\t\t\t\t\t<div class=\"elementor-column elementor-col-33 elementor-top-column elementor-element elementor-element-74877fc\" data-id=\"74877fc\" data-element_type=\"column\" data-e-type=\"column\">\n\t\t\t<div class=\"elementor-widget-wrap elementor-element-populated\">\n\t\t\t\t\t\t<div class=\"elementor-element elementor-element-f214c77 elementor-widget elementor-widget-text-editor\" data-id=\"f214c77\" data-element_type=\"widget\" data-e-type=\"widget\" data-widget_type=\"text-editor.default\">\n\t\t\t\t<div class=\"elementor-widget-container\">\n\t\t\t\t\t\t\t\t\t<p><span style=\"color: #333399;\"><strong>St<\/strong><b>\u00f6rung der Aussprache (Dyslalie)<\/b><\/span><\/p><p>Eine Dyslalie ist eine Sprechst\u00f6rung, das hei\u00dft, lediglich die Aussprache eines Kindes ist fehlerhaft und es sind keine weiteren Bereiche des Sprachsysthems, wie Sprachverst\u00e4ndnis und Wortschatz, Satzbau und Grammatik betroffen.<\/p><p>Die normale Lautbildung sollte beim Kind mit 4 Jahren abgeschlossen sein. Zu diesem Zeitpunkt m\u00fcssen alle Laute beherrscht werden. H\u00e4ufig werden ein- oder mehre Laute jedoch \u00fcber dieses Alter hinaus falsch gebildet, ausgelassen oder ersetzt. In diesem Fall sollte eine logop\u00e4dische Abkl\u00e4rung erfolgen, damit eine eventuell erforderliche Therapie rechtzeitig begonnen werden kann.<\/p>\t\t\t\t\t\t\t\t<\/div>\n\t\t\t\t<\/div>\n\t\t\t\t\t<\/div>\n\t\t<\/div>\n\t\t\t\t<div class=\"elementor-column elementor-col-33 elementor-top-column elementor-element elementor-element-6522d09\" data-id=\"6522d09\" data-element_type=\"column\" data-e-type=\"column\">\n\t\t\t<div class=\"elementor-widget-wrap elementor-element-populated\">\n\t\t\t\t\t\t<div class=\"elementor-element elementor-element-d998f2a elementor-widget elementor-widget-text-editor\" data-id=\"d998f2a\" data-element_type=\"widget\" data-e-type=\"widget\" data-widget_type=\"text-editor.default\">\n\t\t\t\t<div class=\"elementor-widget-container\">\n\t\t\t\t\t\t\t\t\t<p><span style=\"color: #333399;\"><strong>Verz\u00f6gerte Sprachentwicklung<\/strong><\/span><\/p><p>Bis zum Ende des 3. Lebensjahrs sollte die sprachliche Entwicklung eines Kindes zum gr\u00f6\u00dften Teil abgeschlossen sein. In manchen F\u00e4llen kann es beim Spracherwerb allerdings zu Abweichungen von der altersgem\u00e4\u00dfen Norm kommen.<\/p><p>Sowohl verringertes Sprachverst\u00e4ndnis, als auch ein eingeschr\u00e4nkter Wortschatz, fehlerhafte Artikulation und -Satzbildung, kann auf eine Sprachentwicklungsverz\u00f6gerung hindeuten.\u00a0Durch eine logop\u00e4dische Begutachtung k\u00f6nnen eventuelle Teilleistungs- und Wahrnehmungsst\u00f6rungen rechtzeitig erkannt und behandelt werden.<\/p>\t\t\t\t\t\t\t\t<\/div>\n\t\t\t\t<\/div>\n\t\t\t\t\t<\/div>\n\t\t<\/div>\n\t\t\t\t<div class=\"elementor-column elementor-col-33 elementor-top-column elementor-element elementor-element-d331d70\" data-id=\"d331d70\" data-element_type=\"column\" data-e-type=\"column\">\n\t\t\t<div class=\"elementor-widget-wrap elementor-element-populated\">\n\t\t\t\t\t\t<div class=\"elementor-element elementor-element-bdbf13d elementor-widget elementor-widget-text-editor\" data-id=\"bdbf13d\" data-element_type=\"widget\" data-e-type=\"widget\" data-widget_type=\"text-editor.default\">\n\t\t\t\t<div class=\"elementor-widget-container\">\n\t\t\t\t\t\t\t\t\t<p><span style=\"color: #333399;\"><strong>Schwierigkeiten bei der Satzbildung<\/strong><\/span><\/p><p>Mit 4 Jahren sollte ein Kind grammatikalisch korrekte S\u00e4tze bilden k\u00f6nnen, wie ein Erwachsener.<\/p><p>Entsprechen die grammatikalischen F\u00e4higkeiten im Jahr vor dem Schuleintritt nicht denen, der Altersgenossen, sollte eine logop\u00e4dische Abkl\u00e4rung erfolgen und gegebenenfalls eine Therapie eingeleitet werden.<\/p>\t\t\t\t\t\t\t\t<\/div>\n\t\t\t\t<\/div>\n\t\t\t\t\t<\/div>\n\t\t<\/div>\n\t\t\t\t\t<\/div>\n\t\t<\/section>\n\t\t\t\t<section class=\"elementor-section elementor-top-section elementor-element elementor-element-489c465 elementor-section-boxed elementor-section-height-default elementor-section-height-default\" data-id=\"489c465\" data-element_type=\"section\" data-e-type=\"section\">\n\t\t\t\t\t\t<div class=\"elementor-container elementor-column-gap-default\">\n\t\t\t\t\t<div class=\"elementor-column elementor-col-100 elementor-top-column elementor-element elementor-element-b720a71\" data-id=\"b720a71\" data-element_type=\"column\" data-e-type=\"column\">\n\t\t\t<div class=\"elementor-widget-wrap elementor-element-populated\">\n\t\t\t\t\t\t<div class=\"elementor-element elementor-element-d773d4e elementor-widget elementor-widget-spacer\" data-id=\"d773d4e\" data-element_type=\"widget\" data-e-type=\"widget\" data-widget_type=\"spacer.default\">\n\t\t\t\t<div class=\"elementor-widget-container\">\n\t\t\t\t\t\t\t<div class=\"elementor-spacer\">\n\t\t\t<div class=\"elementor-spacer-inner\"><\/div>\n\t\t<\/div>\n\t\t\t\t\t\t<\/div>\n\t\t\t\t<\/div>\n\t\t\t\t\t<\/div>\n\t\t<\/div>\n\t\t\t\t\t<\/div>\n\t\t<\/section>\n\t\t\t\t<\/div>\n\t\t","protected":false},"excerpt":{"rendered":"<p>Therapie: Sprache und Sprechen Die verbale Kommunikation nimmt in unserem Leben eine wichtige Rolle ein. Sie bedeutet sozialen, kulturellen und emotionalen Austausch. Die Sprache dient in unserem Leben also nicht allein der Informations\u00fcbermittlung sondern ist auch f\u00fcr die zwischenmenschlichen Beziehungen von gro\u00dfer Bedeutung. Die Sprache und das Sprechen kann in allen Altersklassen beeintr\u00e4chtigt sein. Neurologische [&hellip;]<\/p>\n","protected":false},"author":2,"featured_media":0,"parent":61,"menu_order":0,"comment_status":"closed","ping_status":"closed","template":"elementor_header_footer","meta":{"footnotes":""},"class_list":["post-215","page","type-page","status-publish","hentry"],"_links":{"self":[{"href":"https:\/\/www.sprechwerk.at\/spielwiese\/wp-json\/wp\/v2\/pages\/215","targetHints":{"allow":["GET"]}}],"collection":[{"href":"https:\/\/www.sprechwerk.at\/spielwiese\/wp-json\/wp\/v2\/pages"}],"about":[{"href":"https:\/\/www.sprechwerk.at\/spielwiese\/wp-json\/wp\/v2\/types\/page"}],"author":[{"embeddable":true,"href":"https:\/\/www.sprechwerk.at\/spielwiese\/wp-json\/wp\/v2\/users\/2"}],"replies":[{"embeddable":true,"href":"https:\/\/www.sprechwerk.at\/spielwiese\/wp-json\/wp\/v2\/comments?post=215"}],"version-history":[{"count":57,"href":"https:\/\/www.sprechwerk.at\/spielwiese\/wp-json\/wp\/v2\/pages\/215\/revisions"}],"predecessor-version":[{"id":506,"href":"https:\/\/www.sprechwerk.at\/spielwiese\/wp-json\/wp\/v2\/pages\/215\/revisions\/506"}],"up":[{"embeddable":true,"href":"https:\/\/www.sprechwerk.at\/spielwiese\/wp-json\/wp\/v2\/pages\/61"}],"wp:attachment":[{"href":"https:\/\/www.sprechwerk.at\/spielwiese\/wp-json\/wp\/v2\/media?parent=215"}],"curies":[{"name":"wp","href":"https:\/\/api.w.org\/{rel}","templated":true}]}}