{"id":157,"date":"2018-05-10T11:53:15","date_gmt":"2018-05-10T09:53:15","guid":{"rendered":"http:\/\/www.sprechwerk.at\/spielwiese\/?page_id=157"},"modified":"2018-11-27T12:21:08","modified_gmt":"2018-11-27T11:21:08","slug":"kosten","status":"publish","type":"page","link":"https:\/\/www.sprechwerk.at\/spielwiese\/kosten\/","title":{"rendered":"Kosten"},"content":{"rendered":"\t\t<div data-elementor-type=\"wp-post\" data-elementor-id=\"157\" class=\"elementor elementor-157 elementor-bc-flex-widget\">\n\t\t\t\t\t\t<section class=\"elementor-section elementor-top-section elementor-element elementor-element-7d8dc45c elementor-section-boxed elementor-section-height-default elementor-section-height-default\" data-id=\"7d8dc45c\" data-element_type=\"section\" data-e-type=\"section\">\n\t\t\t\t\t\t<div class=\"elementor-container elementor-column-gap-default\">\n\t\t\t\t\t<div class=\"elementor-column elementor-col-33 elementor-top-column elementor-element elementor-element-16aa6f1a\" data-id=\"16aa6f1a\" data-element_type=\"column\" data-e-type=\"column\">\n\t\t\t<div class=\"elementor-widget-wrap elementor-element-populated\">\n\t\t\t\t\t\t<div class=\"elementor-element elementor-element-86cf863 elementor-widget elementor-widget-text-editor\" data-id=\"86cf863\" data-element_type=\"widget\" data-e-type=\"widget\" data-widget_type=\"text-editor.default\">\n\t\t\t\t<div class=\"elementor-widget-container\">\n\t\t\t\t\t\t\t\t\t<p style=\"text-align: center;\">Kosten<\/p>\t\t\t\t\t\t\t\t<\/div>\n\t\t\t\t<\/div>\n\t\t\t\t\t<\/div>\n\t\t<\/div>\n\t\t\t\t<div class=\"elementor-column elementor-col-66 elementor-top-column elementor-element elementor-element-49bcf208\" data-id=\"49bcf208\" data-element_type=\"column\" data-e-type=\"column\">\n\t\t\t<div class=\"elementor-widget-wrap elementor-element-populated\">\n\t\t\t\t\t\t<div class=\"elementor-element elementor-element-20f01b49 elementor-widget elementor-widget-image\" data-id=\"20f01b49\" data-element_type=\"widget\" data-e-type=\"widget\" data-widget_type=\"image.default\">\n\t\t\t\t<div class=\"elementor-widget-container\">\n\t\t\t\t\t\t\t\t\t\t\t\t\t\t\t\t<a href=\"http:\/\/www.sprechwerk.at\/\">\n\t\t\t\t\t\t\t<img fetchpriority=\"high\" decoding=\"async\" width=\"1024\" height=\"457\" src=\"https:\/\/www.sprechwerk.at\/spielwiese\/wp-content\/uploads\/2018\/11\/bild_neu-1-1024x457.jpg\" class=\"attachment-large size-large wp-image-389\" alt=\"\" srcset=\"https:\/\/www.sprechwerk.at\/spielwiese\/wp-content\/uploads\/2018\/11\/bild_neu-1-1024x457.jpg 1024w, https:\/\/www.sprechwerk.at\/spielwiese\/wp-content\/uploads\/2018\/11\/bild_neu-1-300x134.jpg 300w, https:\/\/www.sprechwerk.at\/spielwiese\/wp-content\/uploads\/2018\/11\/bild_neu-1-768x343.jpg 768w, https:\/\/www.sprechwerk.at\/spielwiese\/wp-content\/uploads\/2018\/11\/bild_neu-1.jpg 1988w\" sizes=\"(max-width: 1024px) 100vw, 1024px\" \/>\t\t\t\t\t\t\t\t<\/a>\n\t\t\t\t\t\t\t\t\t\t\t\t\t\t\t<\/div>\n\t\t\t\t<\/div>\n\t\t\t\t\t<\/div>\n\t\t<\/div>\n\t\t\t\t\t<\/div>\n\t\t<\/section>\n\t\t\t\t<section class=\"elementor-section elementor-top-section elementor-element elementor-element-50f8568 elementor-section-boxed elementor-section-height-default elementor-section-height-default\" data-id=\"50f8568\" data-element_type=\"section\" data-e-type=\"section\">\n\t\t\t\t\t\t<div class=\"elementor-container elementor-column-gap-default\">\n\t\t\t\t\t<div class=\"elementor-column elementor-col-100 elementor-top-column elementor-element elementor-element-7f7a7ad\" data-id=\"7f7a7ad\" data-element_type=\"column\" data-e-type=\"column\">\n\t\t\t<div class=\"elementor-widget-wrap elementor-element-populated\">\n\t\t\t\t\t\t<div class=\"elementor-element elementor-element-fda31af elementor-widget-divider--view-line elementor-widget elementor-widget-divider\" data-id=\"fda31af\" data-element_type=\"widget\" data-e-type=\"widget\" data-widget_type=\"divider.default\">\n\t\t\t\t<div class=\"elementor-widget-container\">\n\t\t\t\t\t\t\t<div class=\"elementor-divider\">\n\t\t\t<span class=\"elementor-divider-separator\">\n\t\t\t\t\t\t<\/span>\n\t\t<\/div>\n\t\t\t\t\t\t<\/div>\n\t\t\t\t<\/div>\n\t\t\t\t\t<\/div>\n\t\t<\/div>\n\t\t\t\t\t<\/div>\n\t\t<\/section>\n\t\t\t\t<section class=\"elementor-section elementor-top-section elementor-element elementor-element-c0cd070 elementor-section-boxed elementor-section-height-default elementor-section-height-default\" data-id=\"c0cd070\" data-element_type=\"section\" data-e-type=\"section\">\n\t\t\t\t\t\t<div class=\"elementor-container elementor-column-gap-default\">\n\t\t\t\t\t<div class=\"elementor-column elementor-col-100 elementor-top-column elementor-element elementor-element-9257008\" data-id=\"9257008\" data-element_type=\"column\" data-e-type=\"column\">\n\t\t\t<div class=\"elementor-widget-wrap elementor-element-populated\">\n\t\t\t\t\t\t<div class=\"elementor-element elementor-element-30c9f61 elementor-widget elementor-widget-text-editor\" data-id=\"30c9f61\" data-element_type=\"widget\" data-e-type=\"widget\" data-widget_type=\"text-editor.default\">\n\t\t\t\t<div class=\"elementor-widget-container\">\n\t\t\t\t\t\t\t\t\t<h2 style=\"font-family: Roboto, sans-serif; color: #7a7a7a; text-align: right;\">Voraussetzungen und Kosten&#8230;<\/h2><h3 style=\"font-family: Roboto, sans-serif; color: #7a7a7a; text-align: right;\">&#8230;einer logop\u00e4dischen Therapie<\/h3><p>\u00a0<\/p><p>Eine logop\u00e4dische Behandlung muss in jedem Fall \u00e4rztlich verordnet werden.<\/p><p>Die Zuweisung erfolgt mittels Verordnungsschein, auf dem Ihre Daten, Ihre Diagnose sowie der Wortlaut logop\u00e4dische Therapie angef\u00fchrt sein sollen. Ben\u00f6tigen sie einen Hausbesuch, muss dies ebenfalls auf dem Schein vermerkt sein.<\/p><p>Dieser Verordnungsschein muss durch die jeweilige Krankenkasse bewilligt werden.\u00a0Das ist Voraussetzung f\u00fcr eine teilweise Kostenr\u00fcckerstattung durch ihre Versicherungsanstalt.<\/p><blockquote><p style=\"text-align: right;\"><strong>Abh\u00e4ngig davon, wo sie versichert sind &#8230;<\/strong><\/p><p style=\"text-align: right;\"><strong>&#8230; erhalten Sie 50-80% der Kosten r\u00fcckerstattet.<\/strong><\/p><\/blockquote>\t\t\t\t\t\t\t\t<\/div>\n\t\t\t\t<\/div>\n\t\t\t\t\t<\/div>\n\t\t<\/div>\n\t\t\t\t\t<\/div>\n\t\t<\/section>\n\t\t\t\t<section class=\"elementor-section elementor-top-section elementor-element elementor-element-379e643 elementor-section-boxed elementor-section-height-default elementor-section-height-default\" data-id=\"379e643\" data-element_type=\"section\" data-e-type=\"section\">\n\t\t\t\t\t\t<div class=\"elementor-container elementor-column-gap-default\">\n\t\t\t\t\t<div class=\"elementor-column elementor-col-100 elementor-top-column elementor-element elementor-element-15873e3\" data-id=\"15873e3\" data-element_type=\"column\" data-e-type=\"column\">\n\t\t\t<div class=\"elementor-widget-wrap elementor-element-populated\">\n\t\t\t\t\t\t<div class=\"elementor-element elementor-element-b0cc3c5 elementor-widget-divider--view-line elementor-widget elementor-widget-divider\" data-id=\"b0cc3c5\" data-element_type=\"widget\" data-e-type=\"widget\" data-widget_type=\"divider.default\">\n\t\t\t\t<div class=\"elementor-widget-container\">\n\t\t\t\t\t\t\t<div class=\"elementor-divider\">\n\t\t\t<span class=\"elementor-divider-separator\">\n\t\t\t\t\t\t<\/span>\n\t\t<\/div>\n\t\t\t\t\t\t<\/div>\n\t\t\t\t<\/div>\n\t\t\t\t\t<\/div>\n\t\t<\/div>\n\t\t\t\t\t<\/div>\n\t\t<\/section>\n\t\t\t\t<section class=\"elementor-section elementor-top-section elementor-element elementor-element-d3221b5 elementor-section-boxed elementor-section-height-default elementor-section-height-default\" data-id=\"d3221b5\" data-element_type=\"section\" data-e-type=\"section\">\n\t\t\t\t\t\t<div class=\"elementor-container elementor-column-gap-default\">\n\t\t\t\t\t<div class=\"elementor-column elementor-col-100 elementor-top-column elementor-element elementor-element-1ae21f1\" data-id=\"1ae21f1\" data-element_type=\"column\" data-e-type=\"column\">\n\t\t\t<div class=\"elementor-widget-wrap elementor-element-populated\">\n\t\t\t\t\t\t<div class=\"elementor-element elementor-element-c7dc891 elementor-widget elementor-widget-text-editor\" data-id=\"c7dc891\" data-element_type=\"widget\" data-e-type=\"widget\" data-widget_type=\"text-editor.default\">\n\t\t\t\t<div class=\"elementor-widget-container\">\n\t\t\t\t\t\t\t\t\t<p>Im Falle eines Hausbesuchs werden zus\u00e4tzlich Fahrtspesen verrechnet.<\/p><p>Die Tarife richten sich nach Empfehlung des Bundesverbands f\u00fcr Logop\u00e4die und nach der Dauer der jeweiligen Therapieeinheit, die je nach St\u00f6rungsbild unterschiedlich sein kann.<\/p><p>Alle f\u00fcr die Therapie notwendigen Materialien werden von mir zur Verf\u00fcgung gestellt, es entstehen f\u00fcr Sie keine weiteren Kosten.<\/p>\t\t\t\t\t\t\t\t<\/div>\n\t\t\t\t<\/div>\n\t\t\t\t<div class=\"elementor-element elementor-element-0c9fd0e elementor-widget elementor-widget-spacer\" data-id=\"0c9fd0e\" data-element_type=\"widget\" data-e-type=\"widget\" data-widget_type=\"spacer.default\">\n\t\t\t\t<div class=\"elementor-widget-container\">\n\t\t\t\t\t\t\t<div class=\"elementor-spacer\">\n\t\t\t<div class=\"elementor-spacer-inner\"><\/div>\n\t\t<\/div>\n\t\t\t\t\t\t<\/div>\n\t\t\t\t<\/div>\n\t\t\t\t\t<\/div>\n\t\t<\/div>\n\t\t\t\t\t<\/div>\n\t\t<\/section>\n\t\t\t\t<\/div>\n\t\t","protected":false},"excerpt":{"rendered":"<p>Kosten Voraussetzungen und Kosten&#8230; &#8230;einer logop\u00e4dischen Therapie Eine logop\u00e4dische Behandlung muss in jedem Fall \u00e4rztlich verordnet werden. Die Zuweisung erfolgt mittels Verordnungsschein, auf dem Ihre Daten, Ihre Diagnose sowie der Wortlaut logop\u00e4dische Therapie angef\u00fchrt sein sollen. Ben\u00f6tigen sie einen Hausbesuch, muss dies ebenfalls auf dem Schein vermerkt sein. Dieser Verordnungsschein muss durch die jeweilige Krankenkasse [&hellip;]<\/p>\n","protected":false},"author":2,"featured_media":0,"parent":0,"menu_order":0,"comment_status":"closed","ping_status":"closed","template":"template-parts\/template-homepage.php","meta":{"footnotes":""},"class_list":["post-157","page","type-page","status-publish","hentry"],"_links":{"self":[{"href":"https:\/\/www.sprechwerk.at\/spielwiese\/wp-json\/wp\/v2\/pages\/157","targetHints":{"allow":["GET"]}}],"collection":[{"href":"https:\/\/www.sprechwerk.at\/spielwiese\/wp-json\/wp\/v2\/pages"}],"about":[{"href":"https:\/\/www.sprechwerk.at\/spielwiese\/wp-json\/wp\/v2\/types\/page"}],"author":[{"embeddable":true,"href":"https:\/\/www.sprechwerk.at\/spielwiese\/wp-json\/wp\/v2\/users\/2"}],"replies":[{"embeddable":true,"href":"https:\/\/www.sprechwerk.at\/spielwiese\/wp-json\/wp\/v2\/comments?post=157"}],"version-history":[{"count":27,"href":"https:\/\/www.sprechwerk.at\/spielwiese\/wp-json\/wp\/v2\/pages\/157\/revisions"}],"predecessor-version":[{"id":500,"href":"https:\/\/www.sprechwerk.at\/spielwiese\/wp-json\/wp\/v2\/pages\/157\/revisions\/500"}],"wp:attachment":[{"href":"https:\/\/www.sprechwerk.at\/spielwiese\/wp-json\/wp\/v2\/media?parent=157"}],"curies":[{"name":"wp","href":"https:\/\/api.w.org\/{rel}","templated":true}]}}