{"id":10,"date":"2018-05-07T11:48:44","date_gmt":"2018-05-07T09:48:44","guid":{"rendered":"http:\/\/www.sprechwerk.at\/spielwiese\/?page_id=10"},"modified":"2018-11-28T11:18:33","modified_gmt":"2018-11-28T10:18:33","slug":"elementor-10","status":"publish","type":"page","link":"https:\/\/www.sprechwerk.at\/spielwiese\/","title":{"rendered":"Startseite"},"content":{"rendered":"\t\t<div data-elementor-type=\"wp-post\" data-elementor-id=\"10\" class=\"elementor elementor-10 elementor-bc-flex-widget\">\n\t\t\t\t\t\t<section class=\"elementor-section elementor-top-section elementor-element elementor-element-16dbd6f elementor-section-boxed elementor-section-height-default elementor-section-height-default\" data-id=\"16dbd6f\" data-element_type=\"section\" data-e-type=\"section\">\n\t\t\t\t\t\t<div class=\"elementor-container elementor-column-gap-default\">\n\t\t\t\t\t<div class=\"elementor-column elementor-col-100 elementor-top-column elementor-element elementor-element-d36b843\" data-id=\"d36b843\" data-element_type=\"column\" data-e-type=\"column\">\n\t\t\t<div class=\"elementor-widget-wrap elementor-element-populated\">\n\t\t\t\t\t\t<div class=\"elementor-element elementor-element-5589fdb elementor-widget elementor-widget-spacer\" data-id=\"5589fdb\" data-element_type=\"widget\" data-e-type=\"widget\" data-widget_type=\"spacer.default\">\n\t\t\t\t<div class=\"elementor-widget-container\">\n\t\t\t\t\t\t\t<div class=\"elementor-spacer\">\n\t\t\t<div class=\"elementor-spacer-inner\"><\/div>\n\t\t<\/div>\n\t\t\t\t\t\t<\/div>\n\t\t\t\t<\/div>\n\t\t\t\t\t<\/div>\n\t\t<\/div>\n\t\t\t\t\t<\/div>\n\t\t<\/section>\n\t\t\t\t<section class=\"elementor-section elementor-top-section elementor-element elementor-element-2bc5684 elementor-section-boxed elementor-section-height-default elementor-section-height-default\" data-id=\"2bc5684\" data-element_type=\"section\" data-e-type=\"section\">\n\t\t\t\t\t\t<div class=\"elementor-container elementor-column-gap-default\">\n\t\t\t\t\t<div class=\"elementor-column elementor-col-33 elementor-top-column elementor-element elementor-element-b05acd1\" data-id=\"b05acd1\" data-element_type=\"column\" data-e-type=\"column\">\n\t\t\t<div class=\"elementor-widget-wrap elementor-element-populated\">\n\t\t\t\t\t\t<div class=\"elementor-element elementor-element-36f81aa elementor-widget elementor-widget-text-editor\" data-id=\"36f81aa\" data-element_type=\"widget\" data-e-type=\"widget\" data-widget_type=\"text-editor.default\">\n\t\t\t\t<div class=\"elementor-widget-container\">\n\t\t\t\t\t\t\t\t\t<p>Herzlich Willkommen<\/p>\t\t\t\t\t\t\t\t<\/div>\n\t\t\t\t<\/div>\n\t\t\t\t\t<\/div>\n\t\t<\/div>\n\t\t\t\t<div class=\"elementor-column elementor-col-66 elementor-top-column elementor-element elementor-element-58621b2\" data-id=\"58621b2\" data-element_type=\"column\" data-e-type=\"column\">\n\t\t\t<div class=\"elementor-widget-wrap elementor-element-populated\">\n\t\t\t\t\t\t<div class=\"elementor-element elementor-element-6519337 elementor-widget elementor-widget-image\" data-id=\"6519337\" data-element_type=\"widget\" data-e-type=\"widget\" data-widget_type=\"image.default\">\n\t\t\t\t<div class=\"elementor-widget-container\">\n\t\t\t\t\t\t\t\t\t\t\t\t\t\t\t<img fetchpriority=\"high\" decoding=\"async\" width=\"1024\" height=\"457\" src=\"https:\/\/www.sprechwerk.at\/spielwiese\/wp-content\/uploads\/2018\/11\/bild_neu-1-1024x457.jpg\" class=\"attachment-large size-large wp-image-389\" alt=\"\" srcset=\"https:\/\/www.sprechwerk.at\/spielwiese\/wp-content\/uploads\/2018\/11\/bild_neu-1-1024x457.jpg 1024w, https:\/\/www.sprechwerk.at\/spielwiese\/wp-content\/uploads\/2018\/11\/bild_neu-1-300x134.jpg 300w, https:\/\/www.sprechwerk.at\/spielwiese\/wp-content\/uploads\/2018\/11\/bild_neu-1-768x343.jpg 768w, https:\/\/www.sprechwerk.at\/spielwiese\/wp-content\/uploads\/2018\/11\/bild_neu-1.jpg 1988w\" sizes=\"(max-width: 1024px) 100vw, 1024px\" \/>\t\t\t\t\t\t\t\t\t\t\t\t\t\t\t<\/div>\n\t\t\t\t<\/div>\n\t\t\t\t\t<\/div>\n\t\t<\/div>\n\t\t\t\t\t<\/div>\n\t\t<\/section>\n\t\t\t\t<section class=\"elementor-section elementor-top-section elementor-element elementor-element-9f098ce elementor-section-boxed elementor-section-height-default elementor-section-height-default\" data-id=\"9f098ce\" data-element_type=\"section\" data-e-type=\"section\">\n\t\t\t\t\t\t<div class=\"elementor-container elementor-column-gap-default\">\n\t\t\t\t\t<div class=\"elementor-column elementor-col-100 elementor-top-column elementor-element elementor-element-9058743\" data-id=\"9058743\" data-element_type=\"column\" data-e-type=\"column\">\n\t\t\t<div class=\"elementor-widget-wrap elementor-element-populated\">\n\t\t\t\t\t\t<div class=\"elementor-element elementor-element-bba722d elementor-widget-divider--view-line elementor-widget elementor-widget-divider\" data-id=\"bba722d\" data-element_type=\"widget\" data-e-type=\"widget\" data-widget_type=\"divider.default\">\n\t\t\t\t<div class=\"elementor-widget-container\">\n\t\t\t\t\t\t\t<div class=\"elementor-divider\">\n\t\t\t<span class=\"elementor-divider-separator\">\n\t\t\t\t\t\t<\/span>\n\t\t<\/div>\n\t\t\t\t\t\t<\/div>\n\t\t\t\t<\/div>\n\t\t\t\t<div class=\"elementor-element elementor-element-702ea25 elementor-widget elementor-widget-text-editor\" data-id=\"702ea25\" data-element_type=\"widget\" data-e-type=\"widget\" data-widget_type=\"text-editor.default\">\n\t\t\t\t<div class=\"elementor-widget-container\">\n\t\t\t\t\t\t\t\t\t<p style=\"text-align: center;\">Logop\u00e4dische Praxis &#8211; Sandra Gr\u00fcllenberger<\/p>\t\t\t\t\t\t\t\t<\/div>\n\t\t\t\t<\/div>\n\t\t\t\t<div class=\"elementor-element elementor-element-c30bc43 elementor-widget-divider--view-line elementor-widget elementor-widget-divider\" data-id=\"c30bc43\" data-element_type=\"widget\" data-e-type=\"widget\" data-widget_type=\"divider.default\">\n\t\t\t\t<div class=\"elementor-widget-container\">\n\t\t\t\t\t\t\t<div class=\"elementor-divider\">\n\t\t\t<span class=\"elementor-divider-separator\">\n\t\t\t\t\t\t<\/span>\n\t\t<\/div>\n\t\t\t\t\t\t<\/div>\n\t\t\t\t<\/div>\n\t\t\t\t<div class=\"elementor-element elementor-element-67aa908 elementor-widget elementor-widget-image\" data-id=\"67aa908\" data-element_type=\"widget\" data-e-type=\"widget\" data-widget_type=\"image.default\">\n\t\t\t\t<div class=\"elementor-widget-container\">\n\t\t\t\t\t\t\t\t\t\t\t\t\t\t\t<img decoding=\"async\" src=\"https:\/\/www.sprechwerk.at\/spielwiese\/wp-content\/uploads\/elementor\/thumbs\/worte_blau3-nzhr01xh679n00c3okz8man23ee13ff1zr4k7pf8la.jpg\" title=\"worte_blau3\" alt=\"worte_blau3\" loading=\"lazy\" \/>\t\t\t\t\t\t\t\t\t\t\t\t\t\t\t<\/div>\n\t\t\t\t<\/div>\n\t\t\t\t<div class=\"elementor-element elementor-element-68516d9 elementor-widget elementor-widget-text-editor\" data-id=\"68516d9\" data-element_type=\"widget\" data-e-type=\"widget\" data-widget_type=\"text-editor.default\">\n\t\t\t\t<div class=\"elementor-widget-container\">\n\t\t\t\t\t\t\t\t\t<p style=\"text-align: center;\"><strong>Ich freue mich, Sie auf meiner Webseite begr\u00fc\u00dfen zu d\u00fcrfen.<br \/><\/strong><\/p><p>\u00a0<\/p><p style=\"text-align: center;\">Logop\u00e4die ist eine medizinisch-therapeutische Fachrichtung.<\/p><p style=\"text-align: center;\">Die Logop\u00e4dIn arbeitet eigenverantwortlich in der Pr\u00e4vention, Beratung, Untersuchung, Diagnose, Therapie und wissenschaftlichen Erforschung von menschlichen Kommunikationsst\u00f6rungen im verbalen und non-verbalen Bereich und den damit im Zusammenhang stehenden St\u00f6rungen und Behinderungen.<\/p><p style=\"text-align: center;\">Sie ist bef\u00e4higt, St\u00f6rungen des Sprachverst\u00e4ndnisses, der gesprochenen und geschriebenen Sprache, des Sprechens, der Atmung, der Stimme, der Mundfunktion, des H\u00f6rverm\u00f6gens und der Wahrnehmung, die bei allen Altersgruppen auftreten k\u00f6nnen, zu untersuchen, zu diagnostizieren und zu behandeln.<\/p><p>In meiner T\u00e4tigkeit begleite, berate und behandle ich Menschen aller Altersgruppen mit angeborenen oder erworbenen Beeintr\u00e4chtigungen der Sprache, des Sprechens, der Stimme, des Schluckens und der Mundfunktion.<\/p>\t\t\t\t\t\t\t\t<\/div>\n\t\t\t\t<\/div>\n\t\t\t\t<div class=\"elementor-element elementor-element-bd8ad48 elementor-widget-divider--view-line elementor-widget elementor-widget-divider\" data-id=\"bd8ad48\" data-element_type=\"widget\" data-e-type=\"widget\" data-widget_type=\"divider.default\">\n\t\t\t\t<div class=\"elementor-widget-container\">\n\t\t\t\t\t\t\t<div class=\"elementor-divider\">\n\t\t\t<span class=\"elementor-divider-separator\">\n\t\t\t\t\t\t<\/span>\n\t\t<\/div>\n\t\t\t\t\t\t<\/div>\n\t\t\t\t<\/div>\n\t\t\t\t<div class=\"elementor-element elementor-element-05dfea8 elementor-widget elementor-widget-text-editor\" data-id=\"05dfea8\" data-element_type=\"widget\" data-e-type=\"widget\" data-widget_type=\"text-editor.default\">\n\t\t\t\t<div class=\"elementor-widget-container\">\n\t\t\t\t\t\t\t\t\t<p style=\"text-align: center;\"><em>Sandra Gr\u00fcllenberger<\/em><\/p>\t\t\t\t\t\t\t\t<\/div>\n\t\t\t\t<\/div>\n\t\t\t\t<div class=\"elementor-element elementor-element-f65719f elementor-widget elementor-widget-image\" data-id=\"f65719f\" data-element_type=\"widget\" data-e-type=\"widget\" data-widget_type=\"image.default\">\n\t\t\t\t<div class=\"elementor-widget-container\">\n\t\t\t\t\t\t\t\t\t\t\t\t\t\t\t<img decoding=\"async\" width=\"300\" height=\"187\" src=\"https:\/\/www.sprechwerk.at\/spielwiese\/wp-content\/uploads\/2018\/11\/visitenkarte_Sandra2-300x187.jpg\" class=\"attachment-medium size-medium wp-image-402\" alt=\"\" srcset=\"https:\/\/www.sprechwerk.at\/spielwiese\/wp-content\/uploads\/2018\/11\/visitenkarte_Sandra2-300x187.jpg 300w, https:\/\/www.sprechwerk.at\/spielwiese\/wp-content\/uploads\/2018\/11\/visitenkarte_Sandra2.jpg 705w\" sizes=\"(max-width: 300px) 100vw, 300px\" \/>\t\t\t\t\t\t\t\t\t\t\t\t\t\t\t<\/div>\n\t\t\t\t<\/div>\n\t\t\t\t<div class=\"elementor-element elementor-element-4efaa09 elementor-widget elementor-widget-spacer\" data-id=\"4efaa09\" data-element_type=\"widget\" data-e-type=\"widget\" data-widget_type=\"spacer.default\">\n\t\t\t\t<div class=\"elementor-widget-container\">\n\t\t\t\t\t\t\t<div class=\"elementor-spacer\">\n\t\t\t<div class=\"elementor-spacer-inner\"><\/div>\n\t\t<\/div>\n\t\t\t\t\t\t<\/div>\n\t\t\t\t<\/div>\n\t\t\t\t\t<\/div>\n\t\t<\/div>\n\t\t\t\t\t<\/div>\n\t\t<\/section>\n\t\t\t\t<\/div>\n\t\t","protected":false},"excerpt":{"rendered":"<p>Herzlich Willkommen Logop\u00e4dische Praxis &#8211; Sandra Gr\u00fcllenberger Ich freue mich, Sie auf meiner Webseite begr\u00fc\u00dfen zu d\u00fcrfen. Logop\u00e4die ist eine medizinisch-therapeutische Fachrichtung. Die Logop\u00e4dIn arbeitet eigenverantwortlich in der Pr\u00e4vention, Beratung, Untersuchung, Diagnose, Therapie und wissenschaftlichen Erforschung von menschlichen Kommunikationsst\u00f6rungen im verbalen und non-verbalen Bereich und den damit im Zusammenhang stehenden St\u00f6rungen und Behinderungen. Sie ist [&hellip;]<\/p>\n","protected":false},"author":1,"featured_media":381,"parent":0,"menu_order":0,"comment_status":"closed","ping_status":"closed","template":"template-parts\/template-homepage.php","meta":{"footnotes":""},"class_list":["post-10","page","type-page","status-publish","has-post-thumbnail","hentry"],"_links":{"self":[{"href":"https:\/\/www.sprechwerk.at\/spielwiese\/wp-json\/wp\/v2\/pages\/10","targetHints":{"allow":["GET"]}}],"collection":[{"href":"https:\/\/www.sprechwerk.at\/spielwiese\/wp-json\/wp\/v2\/pages"}],"about":[{"href":"https:\/\/www.sprechwerk.at\/spielwiese\/wp-json\/wp\/v2\/types\/page"}],"author":[{"embeddable":true,"href":"https:\/\/www.sprechwerk.at\/spielwiese\/wp-json\/wp\/v2\/users\/1"}],"replies":[{"embeddable":true,"href":"https:\/\/www.sprechwerk.at\/spielwiese\/wp-json\/wp\/v2\/comments?post=10"}],"version-history":[{"count":101,"href":"https:\/\/www.sprechwerk.at\/spielwiese\/wp-json\/wp\/v2\/pages\/10\/revisions"}],"predecessor-version":[{"id":527,"href":"https:\/\/www.sprechwerk.at\/spielwiese\/wp-json\/wp\/v2\/pages\/10\/revisions\/527"}],"wp:featuredmedia":[{"embeddable":true,"href":"https:\/\/www.sprechwerk.at\/spielwiese\/wp-json\/wp\/v2\/media\/381"}],"wp:attachment":[{"href":"https:\/\/www.sprechwerk.at\/spielwiese\/wp-json\/wp\/v2\/media?parent=10"}],"curies":[{"name":"wp","href":"https:\/\/api.w.org\/{rel}","templated":true}]}}